{"id":3693,"date":"2018-10-14T22:49:33","date_gmt":"2018-10-14T19:49:33","guid":{"rendered":"http:\/\/kanaltek.com\/?page_id=3693"},"modified":"2024-09-10T12:55:32","modified_gmt":"2024-09-10T09:55:32","slug":"iletisim","status":"publish","type":"page","link":"http:\/\/kanaltek.com\/en\/iletisim","title":{"rendered":"Contacts"},"content":{"rendered":"<div data-vc-full-width=\"true\" data-vc-full-width-init=\"false\" class=\"vc_row wpb_row vc_row-fluid vc_custom_1539465807834 vc_row-has-fill vc_row-o-equal-height vc_row-flex\"><div class=\"contact-one-box wpb_column vc_column_container vc_col-sm-8 vc_col-has-fill\"><div class=\"vc_column-inner vc_custom_1539464424894\"><div class=\"wpb_wrapper\"><h1 style=\"font-size: 35px;line-height: 45px;text-align: center\" class=\"vc_custom_heading font-weight-bold vc_custom_1539114507850\" >It's a pleasure to hear from you...<\/h1>\n\t<div class=\"wpb_text_column wpb_content_element  vc_custom_1539114741761\" >\n\t\t<div class=\"wpb_wrapper\">\n\t\t\t<p style=\"text-align: center;\">We are waiting for your call or e-mail..<\/p>\n\n\t\t<\/div>\n\t<\/div>\n\r<!-- rt-cf7 -->\r<div class=\"radiant-contact-form rtfb78b80410c1b86 element-one  vc_custom_1522390559900\"  >\n<div class=\"wpcf7 no-js\" id=\"wpcf7-f3312-o1\" lang=\"en-US\" dir=\"ltr\" data-wpcf7-id=\"3312\">\n<div class=\"screen-reader-response\"><p role=\"status\" aria-live=\"polite\" aria-atomic=\"true\"><\/p> <ul><\/ul><\/div>\n<form action=\"\/en\/wp-json\/wp\/v2\/pages\/3693#wpcf7-f3312-o1\" method=\"post\" class=\"wpcf7-form init\" aria-label=\"Contact form\" novalidate=\"novalidate\" data-status=\"init\" data-trp-original-action=\"\/en\/wp-json\/wp\/v2\/pages\/3693#wpcf7-f3312-o1\">\n<fieldset class=\"hidden-fields-container\"><input type=\"hidden\" name=\"_wpcf7\" value=\"3312\" \/><input type=\"hidden\" name=\"_wpcf7_version\" value=\"6.1.5\" \/><input type=\"hidden\" name=\"_wpcf7_locale\" value=\"en_US\" \/><input type=\"hidden\" name=\"_wpcf7_unit_tag\" value=\"wpcf7-f3312-o1\" \/><input type=\"hidden\" name=\"_wpcf7_container_post\" value=\"0\" \/><input type=\"hidden\" name=\"_wpcf7_posted_data_hash\" value=\"\" \/>\n<\/fieldset>\n<div class=\"row\">\n\t<div class=\"col-lg-6 col-md-6 col-sm-12 col-xs-12\">\n\t\t<div class=\"form-row\">\n\t\t\t<p><span class=\"wpcf7-form-control-wrap\" data-name=\"FirstName\"><input size=\"40\" maxlength=\"400\" class=\"wpcf7-form-control wpcf7-text wpcf7-validates-as-required\" aria-required=\"true\" aria-invalid=\"false\" placeholder=\"Ad\u0131n\u0131z:\" value=\"\" type=\"text\" name=\"FirstName\" \/><\/span>\n\t\t\t<\/p>\n\t\t<\/div>\n\t<\/div>\n\t<div class=\"col-lg-6 col-md-6 col-sm-12 col-xs-12\">\n\t\t<div class=\"form-row\">\n\t\t\t<p><span class=\"wpcf7-form-control-wrap\" data-name=\"LastName\"><input size=\"40\" maxlength=\"400\" class=\"wpcf7-form-control wpcf7-text wpcf7-validates-as-required\" aria-required=\"true\" aria-invalid=\"false\" placeholder=\"Soyad\u0131n\u0131z:\" value=\"\" type=\"text\" name=\"LastName\" \/><\/span>\n\t\t\t<\/p>\n\t\t<\/div>\n\t<\/div>\n\t<div class=\"col-lg-6 col-md-6 col-sm-12 col-xs-12\">\n\t\t<div class=\"form-row\">\n\t\t\t<p><span class=\"wpcf7-form-control-wrap\" data-name=\"Email\"><input size=\"40\" maxlength=\"400\" class=\"wpcf7-form-control wpcf7-email wpcf7-validates-as-required wpcf7-text wpcf7-validates-as-email\" aria-required=\"true\" aria-invalid=\"false\" placeholder=\"Email Adresiniz:\" value=\"\" type=\"email\" name=\"Email\" \/><\/span>\n\t\t\t<\/p>\n\t\t<\/div>\n\t<\/div>\n\t<div class=\"col-lg-6 col-md-6 col-sm-12 col-xs-12\">\n\t\t<div class=\"form-row\">\n\t\t\t<p><span class=\"wpcf7-form-control-wrap\" data-name=\"Phone\"><input size=\"40\" maxlength=\"400\" class=\"wpcf7-form-control wpcf7-tel wpcf7-validates-as-required wpcf7-text wpcf7-validates-as-tel\" aria-required=\"true\" aria-invalid=\"false\" placeholder=\"Telefon Numaran\u0131z:\" value=\"\" type=\"tel\" name=\"Phone\" \/><\/span>\n\t\t\t<\/p>\n\t\t<\/div>\n\t<\/div>\n\t<div class=\"col-lg-6 col-md-6 col-sm-12 col-xs-12\">\n\t\t<div class=\"form-row\">\n\t\t\t<p><span class=\"wpcf7-form-control-wrap\" data-name=\"Company\"><input size=\"40\" maxlength=\"400\" class=\"wpcf7-form-control wpcf7-text\" aria-invalid=\"false\" placeholder=\"\u015eirket Ad\u0131:\" value=\"\" type=\"text\" name=\"Company\" \/><\/span>\n\t\t\t<\/p>\n\t\t<\/div>\n\t<\/div>\n\t<div class=\"col-lg-6 col-md-6 col-sm-12 col-xs-12\">\n\t\t<div class=\"form-row\">\n\t\t\t<p><span class=\"wpcf7-form-control-wrap\" data-name=\"Subject\"><input size=\"40\" maxlength=\"400\" class=\"wpcf7-form-control wpcf7-text\" aria-invalid=\"false\" placeholder=\"Konu:\" value=\"\" type=\"text\" name=\"Subject\" \/><\/span>\n\t\t\t<\/p>\n\t\t<\/div>\n\t<\/div>\n\t<div class=\"col-lg-12 col-md-12 col-sm-12 col-xs-12\">\n\t\t<div class=\"form-row\">\n\t\t\t<p><span class=\"wpcf7-form-control-wrap\" data-name=\"Message\"><textarea cols=\"40\" rows=\"10\" maxlength=\"2000\" class=\"wpcf7-form-control wpcf7-textarea\" aria-invalid=\"false\" placeholder=\"Mesaj\u0131n\u0131z...\" name=\"Message\"><\/textarea><\/span>\n\t\t\t<\/p>\n\t\t<\/div>\n\t<\/div>\n\t<div class=\"col-lg-12 col-md-12 col-sm-12 col-xs-12\">\n\t\t<div class=\"form-row last button text-center\">\n\t\t\t<p><input class=\"wpcf7-form-control wpcf7-submit has-spinner\" type=\"submit\" value=\"Send\" \/>\n\t\t\t<\/p>\n\t\t<\/div>\n\t<\/div>\n<\/div><div class=\"wpcf7-response-output\" aria-hidden=\"true\"><\/div>\n<input type=\"hidden\" name=\"trp-form-language\" value=\"en\"\/><\/form>\n<\/div>\n<\/div>\r<!-- rt-cf7 -->\r<\/div><\/div><\/div><div class=\"wpb_column vc_column_container vc_col-sm-4 vc_col-has-fill\"><div class=\"vc_column-inner vc_custom_1519729616372\"><div class=\"wpb_wrapper\"><h3 style=\"font-size: 20px;line-height: 26px;text-align: left\" class=\"vc_custom_heading\" >Address (Office)<\/h3><p style=\"font-size: 15px;line-height: 24px;text-align: left\" class=\"vc_custom_heading vc_custom_1667514707383\" >\u00c7iftlik Mah.<br \/>\n\u00c7avu\u015fba\u015f\u0131 Cumhuriyet Cad. No: 166\/2<br \/>\nBeykoz \u0130stanbul<\/p><div class=\"vc_row wpb_row vc_inner vc_row-fluid under-line vc_custom_1519730303419\"><div class=\"wpb_column vc_column_container vc_col-sm-12\"><div class=\"vc_column-inner\"><div class=\"wpb_wrapper\"><\/div><\/div><\/div><\/div><div class=\"vc_row wpb_row vc_inner vc_row-fluid vc_custom_1519732835264\"><div class=\"wpb_column vc_column_container vc_col-sm-12\"><div class=\"vc_column-inner\"><div class=\"wpb_wrapper\"><h3 style=\"font-size: 20px;line-height: 24px;text-align: left\" class=\"vc_custom_heading\" >Tel &amp; E-mail:<\/h3><p style=\"font-size: 15px;line-height: 24px;text-align: left\" class=\"vc_custom_heading vc_custom_1725962126730\" >Email: info@kanaltek.com <\/br><br \/>\nEmail: arda@kanaltek.com<\/br><br \/>\nTel    :(+90) 216 693 00 62 <\/br><br \/>\nGsm: (+90) 536 423 6630<\/p><\/div><\/div><\/div><\/div><\/div><\/div><\/div><\/div><div class=\"vc_row-full-width vc_clearfix\"><\/div><div data-vc-full-width=\"true\" data-vc-full-width-init=\"false\" data-vc-stretch-content=\"true\" class=\"vc_row wpb_row vc_row-fluid vc_custom_1521608020979 vc_row-has-fill vc_row-no-padding vc_row-o-equal-height vc_row-o-content-middle vc_row-flex\"><div class=\"wpb_column vc_column_container vc_col-sm-12\"><div class=\"vc_column-inner vc_custom_1521608013146\"><div class=\"wpb_wrapper\"><div class=\"wpb_gmaps_widget wpb_content_element vc_custom_1667514519594\" >\n\t\t<div class=\"wpb_wrapper\">\n\t\t<div class=\"wpb_map_wraper\">\n\t\t\t<iframe src=\"https:\/\/www.google.com\/maps\/embed?pb=!1m18!1m12!1m3!1d3007.3461627910874!2d29.13504691493355!3d41.08328267929329!2m3!1f0!2f0!3f0!3m2!1i1024!2i768!4f13.1!3m3!1m2!1s0x14cacb8a4480037f%3A0x99c1d209668b10c!2zw4dpZnRsaWssIMOHYXZ1xZ9iYcWfxLEgQ3VtaHVyaXlldCBDZC4gTm86MTY2LCAzNDgzMCBCZXlrb3ovxLBzdGFuYnVs!5e0!3m2!1str!2str!4v1667514511052!5m2!1str!2str\" width=\"600\" height=\"450\" style=\"border:0;\" allowfullscreen=\"\" loading=\"lazy\" referrerpolicy=\"no-referrer-when-downgrade\"><\/iframe>\t\t<\/div>\n\t<\/div>\n<\/div>\n<\/div><\/div><\/div><\/div><div class=\"vc_row-full-width vc_clearfix\"><\/div>","protected":false},"excerpt":{"rendered":"Sizi dinlemek memnun edici... \u00c7a\u011fr\u0131n\u0131z\u0131 ya da E-mailinizi bekliyoruz.. Adres ( Ofis)\u00c7iftlik Mah. \u00c7avu\u015fba\u015f\u0131 Cumhuriyet Cad. No: 166\/2 Beykoz \u0130stanbulTel &amp; E-mail:Email: info@kanaltek.com Email: arda@kanaltek.com Tel :(+90) 216 693 00 62 Gsm: (+90) 536 423 6630","protected":false},"author":1,"featured_media":0,"parent":0,"menu_order":0,"comment_status":"closed","ping_status":"closed","template":"","meta":{"om_disable_all_campaigns":false,"_monsterinsights_skip_tracking":false,"_monsterinsights_sitenote_active":false,"_monsterinsights_sitenote_note":"","_monsterinsights_sitenote_category":0,"_uf_show_specific_survey":0,"_uf_disable_surveys":false,"footnotes":""},"class_list":["post-3693","page","type-page","status-publish","hentry"],"aioseo_notices":[],"aioseo_head":"\n\t\t<!-- All in One SEO Pro 4.6.2 - aioseo.com -->\n\t\t<meta name=\"description\" content=\"Sizi dinlemek memnun edici... \u00c7a\u011fr\u0131n\u0131z\u0131 ya da E-mailinizi bekliyoruz.. Adres ( Ofis)\u00c7iftlik Mah. \u00c7avu\u015fba\u015f\u0131 Cumhuriyet Cad. No: 166\/2 Beykoz \u0130stanbulTel &amp; E-mail:Email: info@kanaltek.com Email: arda@kanaltek.com Tel :(+90) 216 693 00 62 Gsm: (+90) 536 423 6630\" \/>\n\t\t<meta name=\"robots\" content=\"max-image-preview:large\" \/>\n\t\t<link rel=\"canonical\" href=\"http:\/\/kanaltek.com\/en\/iletisim\" \/>\n\t\t<meta name=\"generator\" content=\"All in One SEO Pro (AIOSEO) 4.6.2\" \/>\n\t\t<meta property=\"og:locale\" content=\"en_US\" \/>\n\t\t<meta property=\"og:site_name\" content=\"-\" \/>\n\t\t<meta property=\"og:type\" content=\"article\" \/>\n\t\t<meta property=\"og:title\" content=\"\u0130leti\u015fim -\" \/>\n\t\t<meta property=\"og:description\" content=\"Sizi dinlemek memnun edici... \u00c7a\u011fr\u0131n\u0131z\u0131 ya da E-mailinizi bekliyoruz.. Adres ( Ofis)\u00c7iftlik Mah. \u00c7avu\u015fba\u015f\u0131 Cumhuriyet Cad. No: 166\/2 Beykoz \u0130stanbulTel &amp; E-mail:Email: info@kanaltek.com Email: arda@kanaltek.com Tel :(+90) 216 693 00 62 Gsm: (+90) 536 423 6630\" \/>\n\t\t<meta property=\"og:url\" content=\"http:\/\/kanaltek.com\/en\/iletisim\" \/>\n\t\t<meta property=\"article:published_time\" content=\"2018-10-14T19:49:33+00:00\" \/>\n\t\t<meta property=\"article:modified_time\" content=\"2024-09-10T09:55:32+00:00\" \/>\n\t\t<meta property=\"article:publisher\" content=\"https:\/\/facebook.com\/kanaltek\" \/>\n\t\t<meta name=\"twitter:card\" content=\"summary_large_image\" \/>\n\t\t<meta name=\"twitter:site\" content=\"@KanaltekS\" \/>\n\t\t<meta name=\"twitter:title\" content=\"\u0130leti\u015fim -\" \/>\n\t\t<meta name=\"twitter:description\" content=\"Sizi dinlemek memnun edici... \u00c7a\u011fr\u0131n\u0131z\u0131 ya da E-mailinizi bekliyoruz.. Adres ( Ofis)\u00c7iftlik Mah. \u00c7avu\u015fba\u015f\u0131 Cumhuriyet Cad. No: 166\/2 Beykoz \u0130stanbulTel &amp; E-mail:Email: info@kanaltek.com Email: arda@kanaltek.com Tel :(+90) 216 693 00 62 Gsm: (+90) 536 423 6630\" \/>\n\t\t<meta name=\"twitter:creator\" content=\"@KanaltekS\" \/>\n\t\t<script type=\"application\/ld+json\" class=\"aioseo-schema\">\n\t\t\t{\"@context\":\"https:\\\/\\\/schema.org\",\"@graph\":[{\"@type\":\"BreadcrumbList\",\"@id\":\"http:\\\/\\\/kanaltek.com\\\/en\\\/iletisim#breadcrumblist\",\"itemListElement\":[{\"@type\":\"ListItem\",\"@id\":\"http:\\\/\\\/kanaltek.com\\\/en\\\/#listItem\",\"position\":1,\"name\":\"Home\",\"item\":\"http:\\\/\\\/kanaltek.com\\\/en\\\/\",\"nextItem\":\"http:\\\/\\\/kanaltek.com\\\/en\\\/iletisim#listItem\"},{\"@type\":\"ListItem\",\"@id\":\"http:\\\/\\\/kanaltek.com\\\/en\\\/iletisim#listItem\",\"position\":2,\"name\":\"\\u0130leti\\u015fim\",\"previousItem\":\"http:\\\/\\\/kanaltek.com\\\/en\\\/#listItem\"}]},{\"@type\":\"Organization\",\"@id\":\"http:\\\/\\\/kanaltek.com\\\/en\\\/#organization\",\"name\":\"Kanaltek Kaz\\u0131s\\u0131z Teknolojiler\",\"url\":\"http:\\\/\\\/kanaltek.com\\\/en\\\/\",\"sameAs\":[\"https:\\\/\\\/facebook.com\\\/kanaltek\",\"https:\\\/\\\/twitter.com\\\/KanaltekS\",\"https:\\\/\\\/www.youtube.com\\\/channel\\\/UCqNnMgKrLzgjMhbshjElHzg\",\"https:\\\/\\\/www.linkedin.com\\\/in\\\/kanaltek\\\/\"],\"contactPoint\":{\"@type\":\"ContactPoint\",\"telephone\":\"+902166930062\",\"contactType\":\"Customer Support\"}},{\"@type\":\"WebPage\",\"@id\":\"http:\\\/\\\/kanaltek.com\\\/en\\\/iletisim#webpage\",\"url\":\"http:\\\/\\\/kanaltek.com\\\/en\\\/iletisim\",\"name\":\"\\u0130leti\\u015fim -\",\"description\":\"Sizi dinlemek memnun edici... \\u00c7a\\u011fr\\u0131n\\u0131z\\u0131 ya da E-mailinizi bekliyoruz.. Adres ( Ofis)\\u00c7iftlik Mah. \\u00c7avu\\u015fba\\u015f\\u0131 Cumhuriyet Cad. No: 166\\\/2 Beykoz \\u0130stanbulTel & E-mail:Email: info@kanaltek.com Email: arda@kanaltek.com Tel :(+90) 216 693 00 62 Gsm: (+90) 536 423 6630\",\"inLanguage\":\"en-US\",\"isPartOf\":{\"@id\":\"http:\\\/\\\/kanaltek.com\\\/en\\\/#website\"},\"breadcrumb\":{\"@id\":\"http:\\\/\\\/kanaltek.com\\\/en\\\/iletisim#breadcrumblist\"},\"datePublished\":\"2018-10-14T22:49:33+03:00\",\"dateModified\":\"2024-09-10T12:55:32+03:00\"},{\"@type\":\"WebSite\",\"@id\":\"http:\\\/\\\/kanaltek.com\\\/en\\\/#website\",\"url\":\"http:\\\/\\\/kanaltek.com\\\/en\\\/\",\"name\":\"Kanaltek Kaz\\u0131s\\u0131z Teknolojiler - FOLD & FORM - CIPP - UV Kaplama\",\"inLanguage\":\"en-US\",\"publisher\":{\"@id\":\"http:\\\/\\\/kanaltek.com\\\/en\\\/#organization\"}}]}\n\t\t<\/script>\n\t\t<!-- All in One SEO Pro -->\r\n\t\t<title>\u0130leti\u015fim -<\/title>\n\n","aioseo_head_json":{"title":"\u0130leti\u015fim -","description":"Sizi dinlemek memnun edici... \u00c7a\u011fr\u0131n\u0131z\u0131 ya da E-mailinizi bekliyoruz.. Adres ( Ofis)\u00c7iftlik Mah. \u00c7avu\u015fba\u015f\u0131 Cumhuriyet Cad. No: 166\/2 Beykoz \u0130stanbulTel & E-mail:Email: info@kanaltek.com Email: arda@kanaltek.com Tel :(+90) 216 693 00 62 Gsm: (+90) 536 423 6630","canonical_url":"http:\/\/kanaltek.com\/en\/iletisim","robots":"max-image-preview:large","keywords":"","webmasterTools":{"miscellaneous":""},"og:locale":"en_US","og:site_name":"-","og:type":"article","og:title":"\u0130leti\u015fim -","og:description":"Sizi dinlemek memnun edici... \u00c7a\u011fr\u0131n\u0131z\u0131 ya da E-mailinizi bekliyoruz.. Adres ( Ofis)\u00c7iftlik Mah. \u00c7avu\u015fba\u015f\u0131 Cumhuriyet Cad. No: 166\/2 Beykoz \u0130stanbulTel &amp; E-mail:Email: info@kanaltek.com Email: arda@kanaltek.com Tel :(+90) 216 693 00 62 Gsm: (+90) 536 423 6630","og:url":"http:\/\/kanaltek.com\/en\/iletisim","article:published_time":"2018-10-14T19:49:33+00:00","article:modified_time":"2024-09-10T09:55:32+00:00","article:publisher":"https:\/\/facebook.com\/kanaltek","twitter:card":"summary_large_image","twitter:site":"@KanaltekS","twitter:title":"\u0130leti\u015fim -","twitter:description":"Sizi dinlemek memnun edici... \u00c7a\u011fr\u0131n\u0131z\u0131 ya da E-mailinizi bekliyoruz.. Adres ( Ofis)\u00c7iftlik Mah. \u00c7avu\u015fba\u015f\u0131 Cumhuriyet Cad. No: 166\/2 Beykoz \u0130stanbulTel &amp; E-mail:Email: info@kanaltek.com Email: arda@kanaltek.com Tel :(+90) 216 693 00 62 Gsm: (+90) 536 423 6630","twitter:creator":"@KanaltekS","schema":{"@context":"https:\/\/schema.org","@graph":[{"@type":"BreadcrumbList","@id":"http:\/\/kanaltek.com\/en\/iletisim#breadcrumblist","itemListElement":[{"@type":"ListItem","@id":"http:\/\/kanaltek.com\/en\/#listItem","position":1,"name":"Home","item":"http:\/\/kanaltek.com\/en\/","nextItem":"http:\/\/kanaltek.com\/en\/iletisim#listItem"},{"@type":"ListItem","@id":"http:\/\/kanaltek.com\/en\/iletisim#listItem","position":2,"name":"\u0130leti\u015fim","previousItem":"http:\/\/kanaltek.com\/en\/#listItem"}]},{"@type":"Organization","@id":"http:\/\/kanaltek.com\/en\/#organization","name":"Kanaltek Kaz\u0131s\u0131z Teknolojiler","url":"http:\/\/kanaltek.com\/en\/","sameAs":["https:\/\/facebook.com\/kanaltek","https:\/\/twitter.com\/KanaltekS","https:\/\/www.youtube.com\/channel\/UCqNnMgKrLzgjMhbshjElHzg","https:\/\/www.linkedin.com\/in\/kanaltek\/"],"contactPoint":{"@type":"ContactPoint","telephone":"+902166930062","contactType":"Customer Support"}},{"@type":"WebPage","@id":"http:\/\/kanaltek.com\/en\/iletisim#webpage","url":"http:\/\/kanaltek.com\/en\/iletisim","name":"\u0130leti\u015fim -","description":"Sizi dinlemek memnun edici... \u00c7a\u011fr\u0131n\u0131z\u0131 ya da E-mailinizi bekliyoruz.. Adres ( Ofis)\u00c7iftlik Mah. \u00c7avu\u015fba\u015f\u0131 Cumhuriyet Cad. No: 166\/2 Beykoz \u0130stanbulTel & E-mail:Email: info@kanaltek.com Email: arda@kanaltek.com Tel :(+90) 216 693 00 62 Gsm: (+90) 536 423 6630","inLanguage":"en-US","isPartOf":{"@id":"http:\/\/kanaltek.com\/en\/#website"},"breadcrumb":{"@id":"http:\/\/kanaltek.com\/en\/iletisim#breadcrumblist"},"datePublished":"2018-10-14T22:49:33+03:00","dateModified":"2024-09-10T12:55:32+03:00"},{"@type":"WebSite","@id":"http:\/\/kanaltek.com\/en\/#website","url":"http:\/\/kanaltek.com\/en\/","name":"Kanaltek Kaz\u0131s\u0131z Teknolojiler - FOLD & FORM - CIPP - UV Kaplama","inLanguage":"en-US","publisher":{"@id":"http:\/\/kanaltek.com\/en\/#organization"}}]}},"aioseo_meta_data":{"post_id":"3693","title":null,"description":null,"keywords":"[]","keyphrases":"{\"focus\":{\"keyphrase\":\"\",\"score\":0,\"analysis\":{\"keyphraseInTitle\":{\"score\":0,\"maxScore\":9,\"error\":1}}},\"additional\":[]}","primary_term":null,"canonical_url":null,"og_title":null,"og_description":null,"og_object_type":"default","og_image_type":"default","og_image_url":null,"og_image_width":null,"og_image_height":null,"og_image_custom_url":null,"og_image_custom_fields":null,"og_video":"","og_custom_url":null,"og_article_section":null,"og_article_tags":"[]","twitter_use_og":false,"twitter_card":"default","twitter_image_type":"default","twitter_image_url":null,"twitter_image_custom_url":null,"twitter_image_custom_fields":null,"twitter_title":null,"twitter_description":null,"schema":{"blockGraphs":[],"customGraphs":[],"default":{"data":{"Article":[],"Course":[],"Dataset":[],"FAQPage":[],"Movie":[],"Person":[],"Product":[],"Recipe":[],"Service":[],"SoftwareApplication":[],"WebPage":[]},"graphName":"WebPage","isEnabled":true},"graphs":[]},"schema_type":"default","schema_type_options":null,"pillar_content":false,"robots_default":true,"robots_noindex":false,"robots_noarchive":false,"robots_nosnippet":false,"robots_nofollow":false,"robots_noimageindex":false,"robots_noodp":false,"robots_notranslate":false,"robots_max_snippet":"-1","robots_max_videopreview":"-1","robots_max_imagepreview":"large","priority":null,"frequency":"default","local_seo":null,"limit_modified_date":false,"created":"2024-03-30 19:35:28","updated":"2024-09-10 09:55:35"},"aioseo_breadcrumb":"<div class=\"aioseo-breadcrumbs\"><span class=\"aioseo-breadcrumb\">\n\t<a href=\"http:\/\/kanaltek.com\/en\" title=\"Home\">Home<\/a>\n<\/span><span class=\"aioseo-breadcrumb-separator\">\u2013<\/span><span class=\"aioseo-breadcrumb\">\n\t\u0130leti\u015fim\n<\/span><\/div>","aioseo_breadcrumb_json":[{"label":"Home","link":"http:\/\/kanaltek.com\/en"},{"label":"\u0130leti\u015fim","link":"http:\/\/kanaltek.com\/en\/iletisim"}],"_links":{"self":[{"href":"http:\/\/kanaltek.com\/en\/wp-json\/wp\/v2\/pages\/3693","targetHints":{"allow":["GET"]}}],"collection":[{"href":"http:\/\/kanaltek.com\/en\/wp-json\/wp\/v2\/pages"}],"about":[{"href":"http:\/\/kanaltek.com\/en\/wp-json\/wp\/v2\/types\/page"}],"author":[{"embeddable":true,"href":"http:\/\/kanaltek.com\/en\/wp-json\/wp\/v2\/users\/1"}],"replies":[{"embeddable":true,"href":"http:\/\/kanaltek.com\/en\/wp-json\/wp\/v2\/comments?post=3693"}],"version-history":[{"count":11,"href":"http:\/\/kanaltek.com\/en\/wp-json\/wp\/v2\/pages\/3693\/revisions"}],"predecessor-version":[{"id":4253,"href":"http:\/\/kanaltek.com\/en\/wp-json\/wp\/v2\/pages\/3693\/revisions\/4253"}],"wp:attachment":[{"href":"http:\/\/kanaltek.com\/en\/wp-json\/wp\/v2\/media?parent=3693"}],"curies":[{"name":"wp","href":"https:\/\/api.w.org\/{rel}","templated":true}]}}