{"id":3537,"date":"2018-10-12T23:16:37","date_gmt":"2018-10-12T20:16:37","guid":{"rendered":"http:\/\/kanaltek.com\/?page_id=3537"},"modified":"2024-04-02T15:14:30","modified_gmt":"2024-04-02T12:14:30","slug":"is-ortaklari","status":"publish","type":"page","link":"https:\/\/kanaltek.com\/en\/is-ortaklari","title":{"rendered":"Business Partners"},"content":{"rendered":"<div class=\"vc_row wpb_row vc_row-fluid\"><div class=\"wpb_column vc_column_container vc_col-sm-12\"><div class=\"vc_column-inner\"><div class=\"wpb_wrapper\"><div class=\"vc_row wpb_row vc_inner vc_row-fluid\"><div class=\"wpb_column vc_column_container vc_col-sm-12\"><div class=\"vc_column-inner vc_custom_1539373950228\"><div class=\"wpb_wrapper\"><\/div><\/div><\/div><\/div><div class=\"vc_separator wpb_content_element vc_separator_align_left vc_sep_width_100 vc_sep_pos_align_left vc_sep_color_blue vc_separator-has-text\" ><span class=\"vc_sep_holder vc_sep_holder_l\"><span  class=\"vc_sep_line\"><\/span><\/span><div \tclass=\"vc_icon_element vc_icon_element-outer vc_icon_element-align-left\">\n\t<div class=\"vc_icon_element-inner vc_icon_element-color-custom vc_icon_element-size-md vc_icon_element-style- vc_icon_element-background-color-grey\">\n\t\t<span class=\"vc_icon_element-icon fa fa-certificate\" style=\"color:#154aa0 !important\"><\/span><\/div>\n<\/div>\n<h4>INSITUFORM MTC EUROPE<\/h4><span class=\"vc_sep_holder vc_sep_holder_r\"><span  class=\"vc_sep_line\"><\/span><\/span>\n<\/div>\n\t<div class=\"wpb_text_column wpb_content_element\" >\n\t\t<div class=\"wpb_wrapper\">\n\t\t\t<p><strong><img decoding=\"async\" class=\"size-full wp-image-3542 alignleft\" src=\"http:\/\/kanaltek.com\/wp-content\/uploads\/2018\/10\/mtc.png\" alt=\"\" width=\"177\" height=\"84\" \/><\/strong><\/p>\n<p>&nbsp;<\/p>\n<p><strong>Kanal Rehabilitasyon Ke\u00e7eleri ( Liner )<\/strong><\/p>\n\n\t\t<\/div>\n\t<\/div>\n<div class=\"vc_row wpb_row vc_inner vc_row-fluid\"><div class=\"wpb_column vc_column_container vc_col-sm-12\"><div class=\"vc_column-inner vc_custom_1539373950228\"><div class=\"wpb_wrapper\"><\/div><\/div><\/div><\/div><div class=\"vc_separator wpb_content_element vc_separator_align_right vc_sep_width_100 vc_sep_pos_align_right vc_sep_color_blue vc_separator-has-text\" ><span class=\"vc_sep_holder vc_sep_holder_l\"><span  class=\"vc_sep_line\"><\/span><\/span><div \tclass=\"vc_icon_element vc_icon_element-outer vc_icon_element-align-left\">\n\t<div class=\"vc_icon_element-inner vc_icon_element-color-custom vc_icon_element-size-md vc_icon_element-style- vc_icon_element-background-color-grey\">\n\t\t<span class=\"vc_icon_element-icon fa fa-certificate\" style=\"color:#154aa0 !important\"><\/span><\/div>\n<\/div>\n<h4>SCHWALM ROBOTICS<\/h4><span class=\"vc_sep_holder vc_sep_holder_r\"><span  class=\"vc_sep_line\"><\/span><\/span>\n<\/div>\n\t<div class=\"wpb_text_column wpb_content_element\" >\n\t\t<div class=\"wpb_wrapper\">\n\t\t\t<p><strong><img decoding=\"async\" class=\"wp-image-3545 size-full alignright\" src=\"http:\/\/kanaltek.com\/wp-content\/uploads\/2018\/10\/schwalm.png\" alt=\"\" width=\"200\" height=\"147\" \/><\/strong><\/p>\n<p>&nbsp;<\/p>\n<p>&nbsp;<\/p>\n<p style=\"text-align: right;\"><strong>Kanal Freze Robotlar\u0131 ( Liner )<\/strong><\/p>\n\n\t\t<\/div>\n\t<\/div>\n<div class=\"vc_row wpb_row vc_inner vc_row-fluid\"><div class=\"wpb_column vc_column_container vc_col-sm-12\"><div class=\"vc_column-inner vc_custom_1539373950228\"><div class=\"wpb_wrapper\"><\/div><\/div><\/div><\/div><div class=\"vc_separator wpb_content_element vc_separator_align_left vc_sep_width_100 vc_sep_pos_align_left vc_sep_color_blue vc_separator-has-text\" ><span class=\"vc_sep_holder vc_sep_holder_l\"><span  class=\"vc_sep_line\"><\/span><\/span><div \tclass=\"vc_icon_element vc_icon_element-outer vc_icon_element-align-left\">\n\t<div class=\"vc_icon_element-inner vc_icon_element-color-custom vc_icon_element-size-md vc_icon_element-style- vc_icon_element-background-color-grey\">\n\t\t<span class=\"vc_icon_element-icon fa fa-certificate\" style=\"color:#154aa0 !important\"><\/span><\/div>\n<\/div>\n<h4>HRADIL SPREZIALKABEL GMBH<\/h4><span class=\"vc_sep_holder vc_sep_holder_r\"><span  class=\"vc_sep_line\"><\/span><\/span>\n<\/div>\n\t<div class=\"wpb_text_column wpb_content_element\" >\n\t\t<div class=\"wpb_wrapper\">\n\t\t\t<p style=\"text-align: left;\"><strong><img decoding=\"async\" class=\"wp-image-3552 size-medium alignleft\" src=\"http:\/\/kanaltek.com\/wp-content\/uploads\/2018\/10\/hradil-300x150.jpg\" alt=\"\" width=\"300\" height=\"150\" \/><\/strong><\/p>\n<p>&nbsp;<\/p>\n<p>&nbsp;<\/p>\n<p style=\"text-align: left;\"><strong>\u00d6zel Robot Kamera Kablolar\u0131<\/strong><\/p>\n\n\t\t<\/div>\n\t<\/div>\n<div class=\"vc_row wpb_row vc_inner vc_row-fluid\"><div class=\"wpb_column vc_column_container vc_col-sm-12\"><div class=\"vc_column-inner vc_custom_1539374907773\"><div class=\"wpb_wrapper\"><\/div><\/div><\/div><\/div><div class=\"vc_separator wpb_content_element vc_separator_align_right vc_sep_width_100 vc_sep_pos_align_right vc_sep_color_blue vc_separator-has-text\" ><span class=\"vc_sep_holder vc_sep_holder_l\"><span  class=\"vc_sep_line\"><\/span><\/span><div \tclass=\"vc_icon_element vc_icon_element-outer vc_icon_element-align-left\">\n\t<div class=\"vc_icon_element-inner vc_icon_element-color-custom vc_icon_element-size-md vc_icon_element-style- vc_icon_element-background-color-grey\">\n\t\t<span class=\"vc_icon_element-icon fa fa-certificate\" style=\"color:#154aa0 !important\"><\/span><\/div>\n<\/div>\n<h4>Reline Europe<\/h4><span class=\"vc_sep_holder vc_sep_holder_r\"><span  class=\"vc_sep_line\"><\/span><\/span>\n<\/div>\n\t<div class=\"wpb_text_column wpb_content_element\" >\n\t\t<div class=\"wpb_wrapper\">\n\t\t\t<p style=\"text-align: left;\"><strong><img loading=\"lazy\" decoding=\"async\" class=\"wp-image-3778 size-medium alignright\" src=\"http:\/\/kanaltek.com\/wp-content\/uploads\/2018\/11\/reline-logo-300x27.png\" alt=\"\" width=\"300\" height=\"27\" srcset=\"https:\/\/kanaltek.com\/wp-content\/uploads\/2018\/11\/reline-logo-300x27.png 300w, https:\/\/kanaltek.com\/wp-content\/uploads\/2018\/11\/reline-logo.png 360w\" sizes=\"(max-width: 300px) 100vw, 300px\" \/><\/strong><\/p>\n\n\t\t<\/div>\n\t<\/div>\n<div class=\"vc_separator wpb_content_element vc_separator_align_left vc_sep_width_100 vc_sep_pos_align_left vc_sep_color_blue vc_separator-has-text\" ><span class=\"vc_sep_holder vc_sep_holder_l\"><span  class=\"vc_sep_line\"><\/span><\/span><div \tclass=\"vc_icon_element vc_icon_element-outer vc_icon_element-align-left\">\n\t<div class=\"vc_icon_element-inner vc_icon_element-color-custom vc_icon_element-size-md vc_icon_element-style- vc_icon_element-background-color-grey\">\n\t\t<span class=\"vc_icon_element-icon fa fa-certificate\" style=\"color:#154aa0 !important\"><\/span><\/div>\n<\/div>\n<h4>Rti<\/h4><span class=\"vc_sep_holder vc_sep_holder_r\"><span  class=\"vc_sep_line\"><\/span><\/span>\n<\/div>\n\t<div class=\"wpb_text_column wpb_content_element\" >\n\t\t<div class=\"wpb_wrapper\">\n\t\t\t<p style=\"text-align: left;\"><strong><img loading=\"lazy\" decoding=\"async\" class=\"wp-image-3780 size-full alignleft\" src=\"http:\/\/kanaltek.com\/wp-content\/uploads\/2018\/11\/rti-logo.png\" alt=\"\" width=\"185\" height=\"56\" \/><\/strong><\/p>\n\n\t\t<\/div>\n\t<\/div>\n<\/div><\/div><\/div><\/div><div class=\"vc_row wpb_row vc_row-fluid\"><div class=\"wpb_column vc_column_container vc_col-sm-12\"><div class=\"vc_column-inner vc_custom_1539375372626\"><div class=\"wpb_wrapper\"><div class=\"vc_separator wpb_content_element vc_separator_align_right vc_sep_width_100 vc_sep_pos_align_left vc_sep_color_blue vc_separator-has-text\" ><span class=\"vc_sep_holder vc_sep_holder_l\"><span  class=\"vc_sep_line\"><\/span><\/span><div \tclass=\"vc_icon_element vc_icon_element-outer vc_icon_element-align-left\">\n\t<div class=\"vc_icon_element-inner vc_icon_element-color-custom vc_icon_element-size-md vc_icon_element-style- vc_icon_element-background-color-grey\">\n\t\t<span class=\"vc_icon_element-icon fa fa-certificate\" style=\"color:#154aa0 !important\"><\/span><\/div>\n<\/div>\n<h4>Esen Plastik Altyap\u0131 Boru Sistemleri<\/h4><span class=\"vc_sep_holder vc_sep_holder_r\"><span  class=\"vc_sep_line\"><\/span><\/span>\n<\/div>\n\t<div class=\"wpb_text_column wpb_content_element\" >\n\t\t<div class=\"wpb_wrapper\">\n\t\t\t<p style=\"text-align: left;\"><strong><img loading=\"lazy\" decoding=\"async\" class=\"alignright wp-image-3936 size-full\" src=\"http:\/\/kanaltek.com\/wp-content\/uploads\/2023\/05\/Esen-e1684442799351.png\" alt=\"\" width=\"228\" height=\"56\" \/><\/strong><\/p>\n\n\t\t<\/div>\n\t<\/div>\n<\/div><\/div><\/div><\/div><div class=\"vc_row wpb_row vc_row-fluid\"><div class=\"wpb_column vc_column_container vc_col-sm-12\"><div class=\"vc_column-inner vc_custom_1539375372626\"><div class=\"wpb_wrapper\"><div class=\"vc_separator wpb_content_element vc_separator_align_left vc_sep_width_100 vc_sep_pos_align_left vc_sep_color_blue vc_separator-has-text\" ><span class=\"vc_sep_holder vc_sep_holder_l\"><span  class=\"vc_sep_line\"><\/span><\/span><div \tclass=\"vc_icon_element vc_icon_element-outer vc_icon_element-align-left\">\n\t<div class=\"vc_icon_element-inner vc_icon_element-color-custom vc_icon_element-size-md vc_icon_element-style- vc_icon_element-background-color-grey\">\n\t\t<span class=\"vc_icon_element-icon fa fa-certificate\" style=\"color:#154aa0 !important\"><\/span><\/div>\n<\/div>\n<h4>Pumatec<\/h4><span class=\"vc_sep_holder vc_sep_holder_r\"><span  class=\"vc_sep_line\"><\/span><\/span>\n<\/div>\n\t<div class=\"wpb_text_column wpb_content_element\" >\n\t\t<div class=\"wpb_wrapper\">\n\t\t\t<p style=\"text-align: left;\"><strong><img loading=\"lazy\" decoding=\"async\" class=\"alignnone wp-image-4051 size-full\" src=\"http:\/\/kanaltek.com\/wp-content\/uploads\/2023\/09\/pumatec-logo.jpg\" alt=\"\" width=\"227\" height=\"76\" srcset=\"https:\/\/kanaltek.com\/wp-content\/uploads\/2023\/09\/pumatec-logo.jpg 227w, https:\/\/kanaltek.com\/wp-content\/uploads\/2023\/09\/pumatec-logo-18x6.jpg 18w\" sizes=\"(max-width: 227px) 100vw, 227px\" \/><\/strong><\/p>\n\n\t\t<\/div>\n\t<\/div>\n<\/div><\/div><\/div><\/div>","protected":false},"excerpt":{"rendered":"INSITUFORM MTC EUROPE &nbsp; Kanal Rehabilitasyon Ke\u00e7eleri ( Liner ) SCHWALM ROBOTICS &nbsp; &nbsp; Kanal Freze Robotlar\u0131 ( Liner ) HRADIL SPREZIALKABEL GMBH &nbsp; &nbsp; \u00d6zel Robot Kamera Kablolar\u0131 Reline Europe Rti Esen Plastik Altyap\u0131 Boru Sistemleri Pumatec","protected":false},"author":1,"featured_media":0,"parent":0,"menu_order":0,"comment_status":"closed","ping_status":"closed","template":"","meta":{"om_disable_all_campaigns":false,"_monsterinsights_skip_tracking":false,"_monsterinsights_sitenote_active":false,"_monsterinsights_sitenote_note":"","_monsterinsights_sitenote_category":0,"_uf_show_specific_survey":0,"_uf_disable_surveys":false,"footnotes":""},"class_list":["post-3537","page","type-page","status-publish","hentry"],"aioseo_notices":[],"aioseo_head":"\n\t\t<!-- All in One SEO Pro 4.6.2 - aioseo.com -->\n\t\t<meta name=\"description\" content=\"INSITUFORM MTC EUROPE Kanal Rehabilitasyon Ke\u00e7eleri ( Liner ) SCHWALM ROBOTICS Kanal Freze Robotlar\u0131 ( Liner ) HRADIL SPREZIALKABEL GMBH \u00d6zel Robot Kamera Kablolar\u0131 Reline Europe Rti Esen Plastik Altyap\u0131 Boru Sistemleri Pumatec\" \/>\n\t\t<meta name=\"robots\" content=\"max-image-preview:large\" \/>\n\t\t<link rel=\"canonical\" href=\"https:\/\/kanaltek.com\/en\/is-ortaklari\" \/>\n\t\t<meta name=\"generator\" content=\"All in One SEO Pro (AIOSEO) 4.6.2\" \/>\n\t\t<meta property=\"og:locale\" content=\"en_US\" \/>\n\t\t<meta property=\"og:site_name\" content=\"-\" \/>\n\t\t<meta property=\"og:type\" content=\"article\" \/>\n\t\t<meta property=\"og:title\" content=\"\u0130\u015f Ortaklar\u0131 -\" \/>\n\t\t<meta property=\"og:description\" content=\"INSITUFORM MTC EUROPE Kanal Rehabilitasyon Ke\u00e7eleri ( Liner ) SCHWALM ROBOTICS Kanal Freze Robotlar\u0131 ( Liner ) HRADIL SPREZIALKABEL GMBH \u00d6zel Robot Kamera Kablolar\u0131 Reline Europe Rti Esen Plastik Altyap\u0131 Boru Sistemleri Pumatec\" \/>\n\t\t<meta property=\"og:url\" content=\"https:\/\/kanaltek.com\/en\/is-ortaklari\" \/>\n\t\t<meta property=\"article:published_time\" content=\"2018-10-12T20:16:37+00:00\" \/>\n\t\t<meta property=\"article:modified_time\" content=\"2024-04-02T12:14:30+00:00\" \/>\n\t\t<meta property=\"article:publisher\" content=\"https:\/\/facebook.com\/kanaltek\" \/>\n\t\t<meta name=\"twitter:card\" content=\"summary_large_image\" \/>\n\t\t<meta name=\"twitter:site\" content=\"@KanaltekS\" \/>\n\t\t<meta name=\"twitter:title\" content=\"\u0130\u015f Ortaklar\u0131 -\" \/>\n\t\t<meta name=\"twitter:description\" content=\"INSITUFORM MTC EUROPE Kanal Rehabilitasyon Ke\u00e7eleri ( Liner ) SCHWALM ROBOTICS Kanal Freze Robotlar\u0131 ( Liner ) HRADIL SPREZIALKABEL GMBH \u00d6zel Robot Kamera Kablolar\u0131 Reline Europe Rti Esen Plastik Altyap\u0131 Boru Sistemleri Pumatec\" \/>\n\t\t<meta name=\"twitter:creator\" content=\"@KanaltekS\" \/>\n\t\t<script type=\"application\/ld+json\" class=\"aioseo-schema\">\n\t\t\t{\"@context\":\"https:\\\/\\\/schema.org\",\"@graph\":[{\"@type\":\"BreadcrumbList\",\"@id\":\"https:\\\/\\\/kanaltek.com\\\/en\\\/is-ortaklari#breadcrumblist\",\"itemListElement\":[{\"@type\":\"ListItem\",\"@id\":\"https:\\\/\\\/kanaltek.com\\\/en\\\/#listItem\",\"position\":1,\"name\":\"Home\",\"item\":\"https:\\\/\\\/kanaltek.com\\\/en\\\/\",\"nextItem\":\"https:\\\/\\\/kanaltek.com\\\/en\\\/is-ortaklari#listItem\"},{\"@type\":\"ListItem\",\"@id\":\"https:\\\/\\\/kanaltek.com\\\/en\\\/is-ortaklari#listItem\",\"position\":2,\"name\":\"\\u0130\\u015f Ortaklar\\u0131\",\"previousItem\":\"https:\\\/\\\/kanaltek.com\\\/en\\\/#listItem\"}]},{\"@type\":\"Organization\",\"@id\":\"https:\\\/\\\/kanaltek.com\\\/en\\\/#organization\",\"name\":\"Kanaltek Kaz\\u0131s\\u0131z Teknolojiler\",\"url\":\"https:\\\/\\\/kanaltek.com\\\/en\\\/\",\"sameAs\":[\"https:\\\/\\\/facebook.com\\\/kanaltek\",\"https:\\\/\\\/twitter.com\\\/KanaltekS\",\"https:\\\/\\\/www.youtube.com\\\/channel\\\/UCqNnMgKrLzgjMhbshjElHzg\",\"https:\\\/\\\/www.linkedin.com\\\/in\\\/kanaltek\\\/\"],\"contactPoint\":{\"@type\":\"ContactPoint\",\"telephone\":\"+902166930062\",\"contactType\":\"Customer Support\"}},{\"@type\":\"WebPage\",\"@id\":\"https:\\\/\\\/kanaltek.com\\\/en\\\/is-ortaklari#webpage\",\"url\":\"https:\\\/\\\/kanaltek.com\\\/en\\\/is-ortaklari\",\"name\":\"\\u0130\\u015f Ortaklar\\u0131 -\",\"description\":\"INSITUFORM MTC EUROPE Kanal Rehabilitasyon Ke\\u00e7eleri ( Liner ) SCHWALM ROBOTICS Kanal Freze Robotlar\\u0131 ( Liner ) HRADIL SPREZIALKABEL GMBH \\u00d6zel Robot Kamera Kablolar\\u0131 Reline Europe Rti Esen Plastik Altyap\\u0131 Boru Sistemleri Pumatec\",\"inLanguage\":\"en-US\",\"isPartOf\":{\"@id\":\"https:\\\/\\\/kanaltek.com\\\/en\\\/#website\"},\"breadcrumb\":{\"@id\":\"https:\\\/\\\/kanaltek.com\\\/en\\\/is-ortaklari#breadcrumblist\"},\"datePublished\":\"2018-10-12T23:16:37+03:00\",\"dateModified\":\"2024-04-02T15:14:30+03:00\"},{\"@type\":\"WebSite\",\"@id\":\"https:\\\/\\\/kanaltek.com\\\/en\\\/#website\",\"url\":\"https:\\\/\\\/kanaltek.com\\\/en\\\/\",\"name\":\"Kanaltek Kaz\\u0131s\\u0131z Teknolojiler - FOLD & FORM - CIPP - UV Kaplama\",\"inLanguage\":\"en-US\",\"publisher\":{\"@id\":\"https:\\\/\\\/kanaltek.com\\\/en\\\/#organization\"}}]}\n\t\t<\/script>\n\t\t<!-- All in One SEO Pro -->\r\n\t\t<title>\u0130\u015f Ortaklar\u0131 -<\/title>\n\n","aioseo_head_json":{"title":"\u0130\u015f Ortaklar\u0131 -","description":"INSITUFORM MTC EUROPE Kanal Rehabilitasyon Ke\u00e7eleri ( Liner ) SCHWALM ROBOTICS Kanal Freze Robotlar\u0131 ( Liner ) HRADIL SPREZIALKABEL GMBH \u00d6zel Robot Kamera Kablolar\u0131 Reline Europe Rti Esen Plastik Altyap\u0131 Boru Sistemleri Pumatec","canonical_url":"https:\/\/kanaltek.com\/en\/is-ortaklari","robots":"max-image-preview:large","keywords":"","webmasterTools":{"miscellaneous":""},"og:locale":"en_US","og:site_name":"-","og:type":"article","og:title":"\u0130\u015f Ortaklar\u0131 -","og:description":"INSITUFORM MTC EUROPE Kanal Rehabilitasyon Ke\u00e7eleri ( Liner ) SCHWALM ROBOTICS Kanal Freze Robotlar\u0131 ( Liner ) HRADIL SPREZIALKABEL GMBH \u00d6zel Robot Kamera Kablolar\u0131 Reline Europe Rti Esen Plastik Altyap\u0131 Boru Sistemleri Pumatec","og:url":"https:\/\/kanaltek.com\/en\/is-ortaklari","article:published_time":"2018-10-12T20:16:37+00:00","article:modified_time":"2024-04-02T12:14:30+00:00","article:publisher":"https:\/\/facebook.com\/kanaltek","twitter:card":"summary_large_image","twitter:site":"@KanaltekS","twitter:title":"\u0130\u015f Ortaklar\u0131 -","twitter:description":"INSITUFORM MTC EUROPE Kanal Rehabilitasyon Ke\u00e7eleri ( Liner ) SCHWALM ROBOTICS Kanal Freze Robotlar\u0131 ( Liner ) HRADIL SPREZIALKABEL GMBH \u00d6zel Robot Kamera Kablolar\u0131 Reline Europe Rti Esen Plastik Altyap\u0131 Boru Sistemleri Pumatec","twitter:creator":"@KanaltekS","schema":{"@context":"https:\/\/schema.org","@graph":[{"@type":"BreadcrumbList","@id":"https:\/\/kanaltek.com\/en\/is-ortaklari#breadcrumblist","itemListElement":[{"@type":"ListItem","@id":"https:\/\/kanaltek.com\/en\/#listItem","position":1,"name":"Home","item":"https:\/\/kanaltek.com\/en\/","nextItem":"https:\/\/kanaltek.com\/en\/is-ortaklari#listItem"},{"@type":"ListItem","@id":"https:\/\/kanaltek.com\/en\/is-ortaklari#listItem","position":2,"name":"\u0130\u015f Ortaklar\u0131","previousItem":"https:\/\/kanaltek.com\/en\/#listItem"}]},{"@type":"Organization","@id":"https:\/\/kanaltek.com\/en\/#organization","name":"Kanaltek Kaz\u0131s\u0131z Teknolojiler","url":"https:\/\/kanaltek.com\/en\/","sameAs":["https:\/\/facebook.com\/kanaltek","https:\/\/twitter.com\/KanaltekS","https:\/\/www.youtube.com\/channel\/UCqNnMgKrLzgjMhbshjElHzg","https:\/\/www.linkedin.com\/in\/kanaltek\/"],"contactPoint":{"@type":"ContactPoint","telephone":"+902166930062","contactType":"Customer Support"}},{"@type":"WebPage","@id":"https:\/\/kanaltek.com\/en\/is-ortaklari#webpage","url":"https:\/\/kanaltek.com\/en\/is-ortaklari","name":"\u0130\u015f Ortaklar\u0131 -","description":"INSITUFORM MTC EUROPE Kanal Rehabilitasyon Ke\u00e7eleri ( Liner ) SCHWALM ROBOTICS Kanal Freze Robotlar\u0131 ( Liner ) HRADIL SPREZIALKABEL GMBH \u00d6zel Robot Kamera Kablolar\u0131 Reline Europe Rti Esen Plastik Altyap\u0131 Boru Sistemleri Pumatec","inLanguage":"en-US","isPartOf":{"@id":"https:\/\/kanaltek.com\/en\/#website"},"breadcrumb":{"@id":"https:\/\/kanaltek.com\/en\/is-ortaklari#breadcrumblist"},"datePublished":"2018-10-12T23:16:37+03:00","dateModified":"2024-04-02T15:14:30+03:00"},{"@type":"WebSite","@id":"https:\/\/kanaltek.com\/en\/#website","url":"https:\/\/kanaltek.com\/en\/","name":"Kanaltek Kaz\u0131s\u0131z Teknolojiler - FOLD & FORM - CIPP - UV Kaplama","inLanguage":"en-US","publisher":{"@id":"https:\/\/kanaltek.com\/en\/#organization"}}]}},"aioseo_meta_data":{"post_id":"3537","title":null,"description":null,"keywords":null,"keyphrases":null,"primary_term":null,"canonical_url":null,"og_title":null,"og_description":null,"og_object_type":"default","og_image_type":"default","og_image_url":null,"og_image_width":null,"og_image_height":null,"og_image_custom_url":null,"og_image_custom_fields":null,"og_video":null,"og_custom_url":null,"og_article_section":null,"og_article_tags":null,"twitter_use_og":false,"twitter_card":"default","twitter_image_type":"default","twitter_image_url":null,"twitter_image_custom_url":null,"twitter_image_custom_fields":null,"twitter_title":null,"twitter_description":null,"schema":{"blockGraphs":[],"customGraphs":[],"default":{"data":{"Article":[],"Course":[],"Dataset":[],"FAQPage":[],"Movie":[],"Person":[],"Product":[],"Recipe":[],"Service":[],"SoftwareApplication":[],"WebPage":[]},"graphName":"","isEnabled":true},"graphs":[]},"schema_type":"default","schema_type_options":null,"pillar_content":false,"robots_default":true,"robots_noindex":false,"robots_noarchive":false,"robots_nosnippet":false,"robots_nofollow":false,"robots_noimageindex":false,"robots_noodp":false,"robots_notranslate":false,"robots_max_snippet":null,"robots_max_videopreview":null,"robots_max_imagepreview":"large","priority":null,"frequency":null,"local_seo":null,"limit_modified_date":false,"created":"2024-03-30 19:35:28","updated":"2024-05-08 12:21:04"},"aioseo_breadcrumb":"<div class=\"aioseo-breadcrumbs\"><span class=\"aioseo-breadcrumb\">\n\t<a href=\"https:\/\/kanaltek.com\/en\" title=\"Home\">Home<\/a>\n<\/span><span class=\"aioseo-breadcrumb-separator\">\u2013<\/span><span class=\"aioseo-breadcrumb\">\n\t\u0130\u015f Ortaklar\u0131\n<\/span><\/div>","aioseo_breadcrumb_json":[{"label":"Home","link":"https:\/\/kanaltek.com\/en"},{"label":"\u0130\u015f Ortaklar\u0131","link":"https:\/\/kanaltek.com\/en\/is-ortaklari"}],"_links":{"self":[{"href":"https:\/\/kanaltek.com\/en\/wp-json\/wp\/v2\/pages\/3537","targetHints":{"allow":["GET"]}}],"collection":[{"href":"https:\/\/kanaltek.com\/en\/wp-json\/wp\/v2\/pages"}],"about":[{"href":"https:\/\/kanaltek.com\/en\/wp-json\/wp\/v2\/types\/page"}],"author":[{"embeddable":true,"href":"https:\/\/kanaltek.com\/en\/wp-json\/wp\/v2\/users\/1"}],"replies":[{"embeddable":true,"href":"https:\/\/kanaltek.com\/en\/wp-json\/wp\/v2\/comments?post=3537"}],"version-history":[{"count":21,"href":"https:\/\/kanaltek.com\/en\/wp-json\/wp\/v2\/pages\/3537\/revisions"}],"predecessor-version":[{"id":4052,"href":"https:\/\/kanaltek.com\/en\/wp-json\/wp\/v2\/pages\/3537\/revisions\/4052"}],"wp:attachment":[{"href":"https:\/\/kanaltek.com\/en\/wp-json\/wp\/v2\/media?parent=3537"}],"curies":[{"name":"wp","href":"https:\/\/api.w.org\/{rel}","templated":true}]}}