{"id":3561,"date":"2018-10-13T00:35:36","date_gmt":"2018-10-12T21:35:36","guid":{"rendered":"http:\/\/kanaltek.com\/?page_id=3561"},"modified":"2019-01-02T02:02:38","modified_gmt":"2019-01-01T23:02:38","slug":"teknoloji","status":"publish","type":"page","link":"https:\/\/kanaltek.com\/en\/teknoloji","title":{"rendered":"Technology"},"content":{"rendered":"<div class=\"vc_row wpb_row vc_row-fluid\"><div class=\"wpb_column vc_column_container vc_col-sm-8\"><div class=\"vc_column-inner\"><div class=\"wpb_wrapper\"><div class=\"rt-accordion element-one\"  ><\/div><div class=\"vc_row wpb_row vc_inner vc_row-fluid vc_custom_1546376438234\"><div class=\"wpb_column vc_column_container vc_col-sm-4\"><div class=\"vc_column-inner\"><div class=\"wpb_wrapper\"><h2 style=\"text-align: center\" class=\"vc_custom_heading\" >CIPP - HEAT<\/h2>\n\t<div class=\"wpb_text_column wpb_content_element\" >\n\t\t<div class=\"wpb_wrapper\">\n\t\t\t<p style=\"text-align: justify;\">After a polyester-based fabric (liner) is impregnated into the duct (addition of some resin and chemical additives), it is drawn into the existing pipeline, The hose-shaped fabric is inflated and stretched, It is heated and hardened by curing with hot water\/steam.\nCIPP\u2013PARCELE CONNECTION \/ LINING TECHNOLOGY<\/p>\n\n\t\t<\/div>\n\t<\/div>\n<div class=\"wpb_gallery wpb_content_element vc_clearfix\" ><div class=\"wpb_wrapper\"><div class=\"wpb_gallery_slides wpb_slider_nivo theme-default\" data-interval=\"0\"><div class=\"nivoSlider\"><img decoding=\"async\" width=\"150\" height=\"150\" src=\"https:\/\/kanaltek.com\/wp-content\/uploads\/2019\/01\/RE_AL1500_03-2016_MPR3541_Titel-150x150.jpg\" class=\"attachment-thumbnail\" alt=\"re_al1500_03-2016_mpr3541_titel\" \/><img decoding=\"async\" width=\"150\" height=\"150\" src=\"https:\/\/kanaltek.com\/wp-content\/uploads\/2019\/01\/IMG_4060-150x150.jpg\" class=\"attachment-thumbnail\" alt=\"img_4060\" \/><img decoding=\"async\" width=\"150\" height=\"150\" src=\"https:\/\/kanaltek.com\/wp-content\/uploads\/2019\/01\/IMG_4061-150x150.jpg\" class=\"attachment-thumbnail\" alt=\"img_4061\" \/><\/div><\/div><\/div><\/div><\/div><\/div><\/div><div class=\"wpb_column vc_column_container vc_col-sm-4\"><div class=\"vc_column-inner\"><div class=\"wpb_wrapper\"><h2 style=\"text-align: center\" class=\"vc_custom_heading\" >FOLD & FORM<\/h2>\n\t<div class=\"wpb_text_column wpb_content_element\" >\n\t\t<div class=\"wpb_wrapper\">\n\t\t\t<p style=\"text-align: justify;\">The HDPE\/PVC lining, which is wrapped on a reel, is placed between the two existing manholes with the help of a mobile crane. Then, by heating the lining with steam, the lining pipe is expanded (taking the shape of a circular section) and the inner surface of the existing pipes is re-lined.\nDN100- DN450<\/p>\n\n\t\t<\/div>\n\t<\/div>\n<div class=\"wpb_gallery wpb_content_element vc_clearfix\" ><div class=\"wpb_wrapper\"><div class=\"wpb_gallery_slides wpb_slider_nivo theme-default\" data-interval=\"0\"><div class=\"nivoSlider\"><img loading=\"lazy\" decoding=\"async\" width=\"150\" height=\"150\" src=\"https:\/\/kanaltek.com\/wp-content\/uploads\/2019\/01\/Resim2-150x150.png\" class=\"attachment-thumbnail\" alt=\"resim2\" \/><img loading=\"lazy\" decoding=\"async\" width=\"150\" height=\"150\" src=\"https:\/\/kanaltek.com\/wp-content\/uploads\/2019\/01\/Resim3-150x150.jpg\" class=\"attachment-thumbnail\" alt=\"resim3\" \/><img loading=\"lazy\" decoding=\"async\" width=\"150\" height=\"150\" src=\"https:\/\/kanaltek.com\/wp-content\/uploads\/2019\/01\/Resim4-150x150.jpg\" class=\"attachment-thumbnail\" alt=\"resim4\" \/><img loading=\"lazy\" decoding=\"async\" width=\"150\" height=\"150\" src=\"https:\/\/kanaltek.com\/wp-content\/uploads\/2019\/01\/Resim5-150x150.jpg\" class=\"attachment-thumbnail\" alt=\"resim5\" \/><img loading=\"lazy\" decoding=\"async\" width=\"150\" height=\"150\" src=\"https:\/\/kanaltek.com\/wp-content\/uploads\/2019\/01\/Resim6-150x150.jpg\" class=\"attachment-thumbnail\" alt=\"resim6\" \/><img loading=\"lazy\" decoding=\"async\" width=\"150\" height=\"150\" src=\"https:\/\/kanaltek.com\/wp-content\/uploads\/2019\/01\/Resim7-150x150.jpg\" class=\"attachment-thumbnail\" alt=\"resim7\" \/><\/div><\/div><\/div><\/div><\/div><\/div><\/div><div class=\"wpb_column vc_column_container vc_col-sm-4\"><div class=\"vc_column-inner\"><div class=\"wpb_wrapper\"><h2 style=\"text-align: center\" class=\"vc_custom_heading\" >CIPP - UV<\/h2>\n\t<div class=\"wpb_text_column wpb_content_element  vc_custom_1546383639786\" >\n\t\t<div class=\"wpb_wrapper\">\n\t\t\t<p style=\"text-align: justify;\">It is the process of placing a resin-impregnated glass fiber braided liner between two existing manholes and curing it with Ultraviolet (UV) light to tightly wrap the existing pipe inner wall.\nDN150-DN1800<\/p>\n\n\t\t<\/div>\n\t<\/div>\n<div class=\"wpb_gallery wpb_content_element vc_clearfix\" ><div class=\"wpb_wrapper\"><div class=\"wpb_gallery_slides wpb_slider_nivo theme-default\" data-interval=\"0\"><div class=\"nivoSlider\"><img loading=\"lazy\" decoding=\"async\" width=\"150\" height=\"150\" src=\"https:\/\/kanaltek.com\/wp-content\/uploads\/2019\/01\/ks2-150x150.jpg\" class=\"attachment-thumbnail\" alt=\"ks2\" \/><img loading=\"lazy\" decoding=\"async\" width=\"150\" height=\"150\" src=\"https:\/\/kanaltek.com\/wp-content\/uploads\/2019\/01\/k\u00f62-150x150.jpg\" class=\"attachment-thumbnail\" alt=\"ko2\" \/><img loading=\"lazy\" decoding=\"async\" width=\"150\" height=\"150\" src=\"https:\/\/kanaltek.com\/wp-content\/uploads\/2019\/01\/ks1-150x150.jpg\" class=\"attachment-thumbnail\" alt=\"ks1\" \/><img loading=\"lazy\" decoding=\"async\" width=\"150\" height=\"150\" src=\"https:\/\/kanaltek.com\/wp-content\/uploads\/2019\/01\/k\u00f61-150x150.jpg\" class=\"attachment-thumbnail\" alt=\"ko1\" \/><\/div><\/div><\/div><\/div><\/div><\/div><\/div><\/div><\/div><\/div><\/div><div class=\"wpb_column vc_column_container vc_col-sm-4\"><div class=\"vc_column-inner\"><div class=\"wpb_wrapper\">\r<!-- fancy-text-box -->\r<div class=\"rt-fancy-text-box element-two\" ><div class=\"holder matchHeight\"><div class=\"heading\"><div class=\"icon\"><img loading=\"lazy\" decoding=\"async\" width=\"64\" height=\"64\" src=\"https:\/\/kanaltek.com\/wp-content\/uploads\/2018\/10\/teknoloji.png\" class=\"attachment-full size-full\" alt=\"teknoloji\" \/><\/div><div class=\"data\"><p class=\"title\">Why Rehabilitation?<\/p><\/div><\/div><div class=\"content\"><p>Reinforces the pipeline from beginning to end as a single piece. Broken, cracked, leaking and leaking at pipe connection points are prevented. Reduces friction, increases flow rate. Rust is completely eliminated. Pipe slip and shift ends. Long-lasting, has a 50-year service life. Due to the flexibility of the materials, it is resistant to blows from above, earthquakes and landslides. It does not require excavation and excavation; does not create dust\/soil pollution. It prevents infiltration and exfiltration, and the revival of the soil accelerates. It progresses quickly, and a lot of meters are done in a short time. It does not block traffic flow. It does not disturb the environment; does not create noise pollution. It is economical.<\/p><\/div><\/div><\/div>\r<!-- fancy-text-box -->\r<\/div><\/div><\/div><div class=\"wpb_column vc_column_container vc_col-sm-12\"><div class=\"vc_column-inner\"><div class=\"wpb_wrapper\"><\/div><\/div><\/div><\/div>","protected":false},"excerpt":{"rendered":"CIPP - ISI Kanal\u0131n i\u00e7erisine polyester bazl\u0131 bir kuma\u015f (liner), emprenyelendikten (birtak\u0131m re\u00e7ine ve Kimyasal ilavelerinin yedirilmesi) sonra mevcut boru hatt\u0131na \u00e7ekilir, Hortum \u015feklindeki kuma\u015f \u015fi\u015firilerek gerginle\u015ftirilir, Is\u0131t\u0131larak, s\u0131cak su\/buhar ile k\u00fcrlenerek sertle\u015ftirilir, FOLD & FORM Bir makara \u00fczerinde sar\u0131l\u0131 olan HDPE\/PVC astar\u0131n mevcut iki baca aras\u0131na vin\u00e7 yard\u0131m\u0131 ile yerle\u015ftirilmesi sonras\u0131 buhar ile astar\u0131n [...]","protected":false},"author":1,"featured_media":0,"parent":0,"menu_order":0,"comment_status":"closed","ping_status":"closed","template":"","meta":{"om_disable_all_campaigns":false,"_monsterinsights_skip_tracking":false,"_monsterinsights_sitenote_active":false,"_monsterinsights_sitenote_note":"","_monsterinsights_sitenote_category":0,"_uf_show_specific_survey":0,"_uf_disable_surveys":false,"footnotes":""},"class_list":["post-3561","page","type-page","status-publish","hentry"],"aioseo_notices":[],"aioseo_head":"\n\t\t<!-- All in One SEO Pro 4.6.2 - aioseo.com -->\n\t\t<meta name=\"description\" content=\"FOLD &amp; FORM CIPP - UV CIPP - ISI\" \/>\n\t\t<meta name=\"robots\" content=\"max-image-preview:large\" \/>\n\t\t<link rel=\"canonical\" href=\"https:\/\/kanaltek.com\/en\/teknoloji\" \/>\n\t\t<meta name=\"generator\" content=\"All in One SEO Pro (AIOSEO) 4.6.2\" \/>\n\t\t<meta property=\"og:locale\" content=\"en_US\" \/>\n\t\t<meta property=\"og:site_name\" content=\"-\" \/>\n\t\t<meta property=\"og:type\" content=\"article\" \/>\n\t\t<meta property=\"og:title\" content=\"Teknoloji -\" \/>\n\t\t<meta property=\"og:description\" content=\"FOLD &amp; FORM CIPP - UV CIPP - ISI\" \/>\n\t\t<meta property=\"og:url\" content=\"https:\/\/kanaltek.com\/en\/teknoloji\" \/>\n\t\t<meta property=\"article:published_time\" content=\"2018-10-12T21:35:36+00:00\" \/>\n\t\t<meta property=\"article:modified_time\" content=\"2019-01-01T23:02:38+00:00\" \/>\n\t\t<meta property=\"article:publisher\" content=\"https:\/\/facebook.com\/kanaltek\" \/>\n\t\t<meta name=\"twitter:card\" content=\"summary_large_image\" \/>\n\t\t<meta name=\"twitter:site\" content=\"@KanaltekS\" \/>\n\t\t<meta name=\"twitter:title\" content=\"Teknoloji -\" \/>\n\t\t<meta name=\"twitter:description\" content=\"FOLD &amp; FORM CIPP - UV CIPP - ISI\" \/>\n\t\t<meta name=\"twitter:creator\" content=\"@KanaltekS\" \/>\n\t\t<script type=\"application\/ld+json\" class=\"aioseo-schema\">\n\t\t\t{\"@context\":\"https:\\\/\\\/schema.org\",\"@graph\":[{\"@type\":\"BreadcrumbList\",\"@id\":\"https:\\\/\\\/kanaltek.com\\\/en\\\/teknoloji#breadcrumblist\",\"itemListElement\":[{\"@type\":\"ListItem\",\"@id\":\"https:\\\/\\\/kanaltek.com\\\/en\\\/#listItem\",\"position\":1,\"name\":\"Home\",\"item\":\"https:\\\/\\\/kanaltek.com\\\/en\\\/\",\"nextItem\":\"https:\\\/\\\/kanaltek.com\\\/en\\\/teknoloji#listItem\"},{\"@type\":\"ListItem\",\"@id\":\"https:\\\/\\\/kanaltek.com\\\/en\\\/teknoloji#listItem\",\"position\":2,\"name\":\"Teknoloji\",\"previousItem\":\"https:\\\/\\\/kanaltek.com\\\/en\\\/#listItem\"}]},{\"@type\":\"Organization\",\"@id\":\"https:\\\/\\\/kanaltek.com\\\/en\\\/#organization\",\"name\":\"Kanaltek Kaz\\u0131s\\u0131z Teknolojiler\",\"url\":\"https:\\\/\\\/kanaltek.com\\\/en\\\/\",\"sameAs\":[\"https:\\\/\\\/facebook.com\\\/kanaltek\",\"https:\\\/\\\/twitter.com\\\/KanaltekS\",\"https:\\\/\\\/www.youtube.com\\\/channel\\\/UCqNnMgKrLzgjMhbshjElHzg\",\"https:\\\/\\\/www.linkedin.com\\\/in\\\/kanaltek\\\/\"],\"contactPoint\":{\"@type\":\"ContactPoint\",\"telephone\":\"+902166930062\",\"contactType\":\"Customer Support\"}},{\"@type\":\"WebPage\",\"@id\":\"https:\\\/\\\/kanaltek.com\\\/en\\\/teknoloji#webpage\",\"url\":\"https:\\\/\\\/kanaltek.com\\\/en\\\/teknoloji\",\"name\":\"Teknoloji -\",\"description\":\"FOLD & FORM CIPP - UV CIPP - ISI\",\"inLanguage\":\"en-US\",\"isPartOf\":{\"@id\":\"https:\\\/\\\/kanaltek.com\\\/en\\\/#website\"},\"breadcrumb\":{\"@id\":\"https:\\\/\\\/kanaltek.com\\\/en\\\/teknoloji#breadcrumblist\"},\"datePublished\":\"2018-10-13T00:35:36+03:00\",\"dateModified\":\"2019-01-02T02:02:38+03:00\"},{\"@type\":\"WebSite\",\"@id\":\"https:\\\/\\\/kanaltek.com\\\/en\\\/#website\",\"url\":\"https:\\\/\\\/kanaltek.com\\\/en\\\/\",\"name\":\"Kanaltek Kaz\\u0131s\\u0131z Teknolojiler - FOLD & FORM - CIPP - UV Kaplama\",\"inLanguage\":\"en-US\",\"publisher\":{\"@id\":\"https:\\\/\\\/kanaltek.com\\\/en\\\/#organization\"}}]}\n\t\t<\/script>\n\t\t<!-- All in One SEO Pro -->\r\n\t\t<title>Teknoloji -<\/title>\n\n","aioseo_head_json":{"title":"Teknoloji -","description":"FOLD & FORM CIPP - UV CIPP - ISI","canonical_url":"https:\/\/kanaltek.com\/en\/teknoloji","robots":"max-image-preview:large","keywords":"","webmasterTools":{"miscellaneous":""},"og:locale":"en_US","og:site_name":"-","og:type":"article","og:title":"Teknoloji -","og:description":"FOLD &amp; FORM CIPP - UV CIPP - ISI","og:url":"https:\/\/kanaltek.com\/en\/teknoloji","article:published_time":"2018-10-12T21:35:36+00:00","article:modified_time":"2019-01-01T23:02:38+00:00","article:publisher":"https:\/\/facebook.com\/kanaltek","twitter:card":"summary_large_image","twitter:site":"@KanaltekS","twitter:title":"Teknoloji -","twitter:description":"FOLD &amp; FORM CIPP - UV CIPP - ISI","twitter:creator":"@KanaltekS","schema":{"@context":"https:\/\/schema.org","@graph":[{"@type":"BreadcrumbList","@id":"https:\/\/kanaltek.com\/en\/teknoloji#breadcrumblist","itemListElement":[{"@type":"ListItem","@id":"https:\/\/kanaltek.com\/en\/#listItem","position":1,"name":"Home","item":"https:\/\/kanaltek.com\/en\/","nextItem":"https:\/\/kanaltek.com\/en\/teknoloji#listItem"},{"@type":"ListItem","@id":"https:\/\/kanaltek.com\/en\/teknoloji#listItem","position":2,"name":"Teknoloji","previousItem":"https:\/\/kanaltek.com\/en\/#listItem"}]},{"@type":"Organization","@id":"https:\/\/kanaltek.com\/en\/#organization","name":"Kanaltek Kaz\u0131s\u0131z Teknolojiler","url":"https:\/\/kanaltek.com\/en\/","sameAs":["https:\/\/facebook.com\/kanaltek","https:\/\/twitter.com\/KanaltekS","https:\/\/www.youtube.com\/channel\/UCqNnMgKrLzgjMhbshjElHzg","https:\/\/www.linkedin.com\/in\/kanaltek\/"],"contactPoint":{"@type":"ContactPoint","telephone":"+902166930062","contactType":"Customer Support"}},{"@type":"WebPage","@id":"https:\/\/kanaltek.com\/en\/teknoloji#webpage","url":"https:\/\/kanaltek.com\/en\/teknoloji","name":"Teknoloji -","description":"FOLD & FORM CIPP - UV CIPP - ISI","inLanguage":"en-US","isPartOf":{"@id":"https:\/\/kanaltek.com\/en\/#website"},"breadcrumb":{"@id":"https:\/\/kanaltek.com\/en\/teknoloji#breadcrumblist"},"datePublished":"2018-10-13T00:35:36+03:00","dateModified":"2019-01-02T02:02:38+03:00"},{"@type":"WebSite","@id":"https:\/\/kanaltek.com\/en\/#website","url":"https:\/\/kanaltek.com\/en\/","name":"Kanaltek Kaz\u0131s\u0131z Teknolojiler - FOLD & FORM - CIPP - UV Kaplama","inLanguage":"en-US","publisher":{"@id":"https:\/\/kanaltek.com\/en\/#organization"}}]}},"aioseo_meta_data":{"post_id":"3561","title":null,"description":"FOLD & FORM CIPP - UV CIPP - ISI","keywords":null,"keyphrases":null,"primary_term":null,"canonical_url":null,"og_title":null,"og_description":null,"og_object_type":"default","og_image_type":"default","og_image_url":null,"og_image_width":null,"og_image_height":null,"og_image_custom_url":null,"og_image_custom_fields":null,"og_video":"","og_custom_url":null,"og_article_section":null,"og_article_tags":null,"twitter_use_og":false,"twitter_card":"default","twitter_image_type":"default","twitter_image_url":null,"twitter_image_custom_url":null,"twitter_image_custom_fields":null,"twitter_title":null,"twitter_description":null,"schema":{"blockGraphs":[],"customGraphs":[],"default":{"data":{"Article":[],"Course":[],"Dataset":[],"FAQPage":[],"Movie":[],"Person":[],"Product":[],"Recipe":[],"Service":[],"SoftwareApplication":[],"WebPage":[]},"graphName":"","isEnabled":true},"graphs":[]},"schema_type":"default","schema_type_options":null,"pillar_content":false,"robots_default":true,"robots_noindex":false,"robots_noarchive":false,"robots_nosnippet":false,"robots_nofollow":false,"robots_noimageindex":false,"robots_noodp":false,"robots_notranslate":false,"robots_max_snippet":"-1","robots_max_videopreview":"-1","robots_max_imagepreview":"large","priority":null,"frequency":"default","local_seo":null,"limit_modified_date":false,"created":"2024-03-30 19:35:28","updated":"2024-03-30 21:29:49"},"aioseo_breadcrumb":"<div class=\"aioseo-breadcrumbs\"><span class=\"aioseo-breadcrumb\">\n\t<a href=\"https:\/\/kanaltek.com\/en\" title=\"Home\">Home<\/a>\n<\/span><span class=\"aioseo-breadcrumb-separator\">\u2013<\/span><span class=\"aioseo-breadcrumb\">\n\tTeknoloji\n<\/span><\/div>","aioseo_breadcrumb_json":[{"label":"Home","link":"https:\/\/kanaltek.com\/en"},{"label":"Teknoloji","link":"https:\/\/kanaltek.com\/en\/teknoloji"}],"_links":{"self":[{"href":"https:\/\/kanaltek.com\/en\/wp-json\/wp\/v2\/pages\/3561","targetHints":{"allow":["GET"]}}],"collection":[{"href":"https:\/\/kanaltek.com\/en\/wp-json\/wp\/v2\/pages"}],"about":[{"href":"https:\/\/kanaltek.com\/en\/wp-json\/wp\/v2\/types\/page"}],"author":[{"embeddable":true,"href":"https:\/\/kanaltek.com\/en\/wp-json\/wp\/v2\/users\/1"}],"replies":[{"embeddable":true,"href":"https:\/\/kanaltek.com\/en\/wp-json\/wp\/v2\/comments?post=3561"}],"version-history":[{"count":37,"href":"https:\/\/kanaltek.com\/en\/wp-json\/wp\/v2\/pages\/3561\/revisions"}],"predecessor-version":[{"id":3858,"href":"https:\/\/kanaltek.com\/en\/wp-json\/wp\/v2\/pages\/3561\/revisions\/3858"}],"wp:attachment":[{"href":"https:\/\/kanaltek.com\/en\/wp-json\/wp\/v2\/media?parent=3561"}],"curies":[{"name":"wp","href":"https:\/\/api.w.org\/{rel}","templated":true}]}}