{"id":4026,"date":"2023-08-20T23:44:35","date_gmt":"2023-08-20T20:44:35","guid":{"rendered":"http:\/\/kanaltek.com\/?page_id=4026"},"modified":"2024-04-02T15:13:01","modified_gmt":"2024-04-02T12:13:01","slug":"haberler","status":"publish","type":"page","link":"https:\/\/kanaltek.com\/en\/haberler","title":{"rendered":"News"},"content":{"rendered":"<div class=\"vc_row wpb_row vc_row-fluid\"><div class=\"wpb_column vc_column_container vc_col-sm-8 vc_col-has-fill\"><div class=\"vc_column-inner vc_custom_1692565951933\"><div class=\"wpb_wrapper\"><!-- vc_grid start -->\n<div class=\"vc_grid-container-wrapper vc_clearfix\" >\n\t<div class=\"vc_grid-container vc_clearfix wpb_content_element vc_masonry_media_grid\" data-initial-loading-animation=\"none\" data-vc-grid-settings=\"{&quot;page_id&quot;:4026,&quot;style&quot;:&quot;all-masonry&quot;,&quot;action&quot;:&quot;vc_get_vc_grid_data&quot;,&quot;shortcode_id&quot;:&quot;{\\&quot;failed_to_get_id\\&quot;:\\&quot;vc_gid:1694982189509-cf7513750d663bd1f0fd722bfc46ae47-6\\&quot;}&quot;,&quot;tag&quot;:&quot;vc_masonry_media_grid&quot;}\" data-vc-request=\"https:\/\/kanaltek.com\/wp-admin\/admin-ajax.php\" data-vc-post-id=\"4026\" data-vc-public-nonce=\"0097217e93\">\n\t\t\t<\/div>\n<\/div><!-- vc_grid end -->\n<\/div><\/div><\/div><div class=\"wpb_column vc_column_container vc_col-sm-4\"><div class=\"vc_column-inner\"><div class=\"wpb_wrapper\">\r<!-- fancy-text-box -->\r<div class=\"rt-fancy-text-box element-one\" ><div class=\"holder matchHeight\"><div class=\"icon\"><img decoding=\"async\" width=\"62\" height=\"46\" src=\"https:\/\/kanaltek.com\/wp-content\/uploads\/2018\/04\/Relation.png\" class=\"attachment-full size-full\" alt=\"relation\" \/><\/div><div class=\"data\"><p class=\"title\">Su Kay\u0131p ve Ka\u00e7aklar\u0131 Forumu ve Fuar\u0131<\/p><p class=\"subtitle\">2-3 Kas\u0131m \u0130stanbul<\/p><p class=\"content\">Y\u00f6netmeli\u011fi takiben ilkini 2014\u2019 te ger\u00e7ekle\u015ftirdi\u011fimiz Su Kay\u0131p ve Ka\u00e7aklar\u0131 T\u00fcrkiye Forumu &amp; Fuar\u0131; su kaynaklar\u0131n\u0131n en etkin bi\u00e7imde kullan\u0131lmas\u0131, i\u00e7me suyu temininde gelir getirmeyen su kay\u0131plar\u0131n\u0131n azalt\u0131lmas\u0131, verimlilik iyile\u015ftirmeleri, entegre su y\u00f6netimi, ba\u015far\u0131l\u0131 \u00f6rnek uygulamalar\u0131n tan\u0131t\u0131lmas\u0131 ve yayg\u0131nla\u015ft\u0131r\u0131lmas\u0131n\u0131n tart\u0131\u015f\u0131ld\u0131\u011f\u0131 ve sunuldu\u011fu \u00f6nemli bir platform haline gelmi\u015ftir. Altyap\u0131 ve Kaz\u0131s\u0131z Teknolojiler Derne\u011fi taraf\u0131ndan Tar\u0131m ve Orman Bakanl\u0131\u011f\u0131\u2019n\u0131n himayelerinde d\u00fczenlenen Forum ve Fuar 2014 y\u0131l\u0131ndan bug\u00fcne kadar 6000 ziyaret\u00e7isi ile su y\u00f6netimi profesyonelleri, yerel y\u00f6netimleri, \u00fcniversiteleri, sulama birliklerini, finans sekt\u00f6r\u00fcn\u00fc bir araya getirip sekt\u00f6r dinamiklerine y\u00f6n vermektedir.<\/p><\/div><\/div><\/div>\r<!-- fancy-text-box -->\r<\/div><\/div><\/div><\/div><div class=\"vc_row wpb_row vc_row-fluid\"><div class=\"wpb_column vc_column_container vc_col-sm-4\"><div class=\"vc_column-inner\"><div class=\"wpb_wrapper\">\r<!-- fancy-text-box -->\r<div class=\"rt-fancy-text-box element-one\" ><div class=\"holder matchHeight\"><div class=\"icon\"><img decoding=\"async\" width=\"62\" height=\"46\" src=\"https:\/\/kanaltek.com\/wp-content\/uploads\/2018\/04\/Relation.png\" class=\"attachment-full size-full\" alt=\"relation\" \/><\/div><div class=\"data\"><p class=\"title\">Su Kay\u0131p ve Ka\u00e7aklar\u0131 Forumu ve Fuar\u0131<\/p><p class=\"subtitle\">Romanya<\/p><\/div><\/div><\/div>\r<!-- fancy-text-box -->\r<\/div><\/div><\/div><div class=\"wpb_column vc_column_container vc_col-sm-8 vc_col-has-fill\"><div class=\"vc_column-inner vc_custom_1692566186281\"><div class=\"wpb_wrapper\"><!-- vc_grid start -->\n<div class=\"vc_grid-container-wrapper vc_clearfix\" >\n\t<div class=\"vc_grid-container vc_clearfix wpb_content_element vc_masonry_media_grid\" data-initial-loading-animation=\"zoomIn\" data-vc-grid-settings=\"{&quot;page_id&quot;:4026,&quot;style&quot;:&quot;all-masonry&quot;,&quot;action&quot;:&quot;vc_get_vc_grid_data&quot;,&quot;shortcode_id&quot;:&quot;{\\&quot;failed_to_get_id\\&quot;:\\&quot;vc_gid:1694982189576-5781fc09ad0351bfa1a72329790134b8-3\\&quot;}&quot;,&quot;tag&quot;:&quot;vc_masonry_media_grid&quot;}\" data-vc-request=\"https:\/\/kanaltek.com\/wp-admin\/admin-ajax.php\" data-vc-post-id=\"4026\" data-vc-public-nonce=\"0097217e93\">\n\t\t\t<\/div>\n<\/div><!-- vc_grid end -->\n<\/div><\/div><\/div><\/div><div class=\"vc_row wpb_row vc_row-fluid\"><div class=\"wpb_column vc_column_container vc_col-sm-12\"><div class=\"vc_column-inner\"><div class=\"wpb_wrapper\"><div class=\"vc_empty_space\"   style=\"height: 15px\" ><span class=\"vc_empty_space_inner\"><\/span><\/div>\n<\/div><\/div><\/div><\/div><div class=\"vc_row wpb_row vc_row-fluid\"><div class=\"wpb_column vc_column_container vc_col-sm-8 vc_col-has-fill\"><div class=\"vc_column-inner vc_custom_1692565951933\"><div class=\"wpb_wrapper\"><!-- vc_grid start -->\n<div class=\"vc_grid-container-wrapper vc_clearfix\" >\n\t<div class=\"vc_grid-container vc_clearfix wpb_content_element vc_masonry_media_grid\" data-initial-loading-animation=\"none\" data-vc-grid-settings=\"{&quot;page_id&quot;:4026,&quot;style&quot;:&quot;all-masonry&quot;,&quot;action&quot;:&quot;vc_get_vc_grid_data&quot;,&quot;shortcode_id&quot;:&quot;{\\&quot;failed_to_get_id\\&quot;:\\&quot;vc_gid:1694982189633-3e598ead046017e43e8e56da4919b8e4-1\\&quot;}&quot;,&quot;tag&quot;:&quot;vc_masonry_media_grid&quot;}\" data-vc-request=\"https:\/\/kanaltek.com\/wp-admin\/admin-ajax.php\" data-vc-post-id=\"4026\" data-vc-public-nonce=\"0097217e93\">\n\t\t\t<\/div>\n<\/div><!-- vc_grid end -->\n<\/div><\/div><\/div><div class=\"wpb_column vc_column_container vc_col-sm-4\"><div class=\"vc_column-inner\"><div class=\"wpb_wrapper\">\r<!-- fancy-text-box -->\r<div class=\"rt-fancy-text-box element-one\" ><div class=\"holder matchHeight\"><div class=\"icon\"><\/div><div class=\"data\"><p class=\"title\">FSM \u00dcniversitesi Semineri<\/p><p class=\"subtitle\">2 Aral\u0131k \u0130stanbul<\/p><p class=\"content\">Fatih Sultan Mehmet Vak\u0131f &Uuml;niversitesi Kariyer G&uuml;nleri kapsam\u0131nda, M&uuml;hendislik Fak&uuml;ltesi, Yap\u0131 ve \u0130n\u015faat Kul&uuml;b&uuml; ve Kariyer, Giri\u015fimcilik ve Mesleki Test Merkezi i\u015fbirli\u011fiyle d&uuml;zenlenen Kaz\u0131s\u0131z Teknolojiler Seminerlerinin &uuml;&ccedil;&uuml;nc&uuml;s&uuml;, 2 Aral\u0131k &Ccedil;ar\u015famba g&uuml;n&uuml; Hali&ccedil; Yerle\u015fkesinde ger&ccedil;ekle\u015fti.&lt;\/p&gt;\n&lt;p&gt;Kanaltek \u0130n\u015faat ad\u0131na Genel M&uuml;d&uuml;r&uuml;m&uuml;z, &Ccedil;evre M&uuml;hendisi Cengiz Ba\u015fsa ile &ldquo;CIPP-Cured in Place Pipe (Yerinde k&uuml;rleme metodu ile boru olu\u015fturma) y&ouml;ntemiyle boru rehabilitasyonu&rdquo;  konusunda ger&ccedil;ek &ouml;rneklemeler ile seminere kat\u0131l\u0131m g&ouml;sterdik.<\/p><\/div><\/div><\/div>\r<!-- fancy-text-box -->\r<\/div><\/div><\/div><\/div><div class=\"vc_row wpb_row vc_row-fluid\"><div class=\"wpb_column vc_column_container vc_col-sm-4\"><div class=\"vc_column-inner\"><div class=\"wpb_wrapper\">\r<!-- fancy-text-box -->\r<div class=\"rt-fancy-text-box element-one\" ><div class=\"holder matchHeight\"><div class=\"data\"><p class=\"title\">Tv - R\u00f6portaj<\/p><p class=\"subtitle\">Bloomberg<\/p><\/div><\/div><\/div>\r<!-- fancy-text-box -->\r<\/div><\/div><\/div><div class=\"wpb_column vc_column_container vc_col-sm-8 vc_col-has-fill\"><div class=\"vc_column-inner vc_custom_1692566186281\"><div class=\"wpb_wrapper\">\n\t<div class=\"wpb_video_widget wpb_content_element vc_clearfix   vc_video-aspect-ratio-169 vc_video-el-width-100 vc_video-align-left\" >\n\t\t<div class=\"wpb_wrapper\">\n\t\t\t\n\t\t\t<div class=\"wpb_video_wrapper\"><iframe title=\"KANALTEK KAZISIZ TEKNOLOJ\u0130LER-\" width=\"640\" height=\"360\" src=\"https:\/\/www.youtube.com\/embed\/wfGBLHnmrMs?feature=oembed\" frameborder=\"0\" allow=\"accelerometer; autoplay; clipboard-write; encrypted-media; gyroscope; picture-in-picture; web-share\" referrerpolicy=\"strict-origin-when-cross-origin\" allowfullscreen><\/iframe><\/div>\n\t\t<\/div>\n\t<\/div>\n<\/div><\/div><\/div><\/div>","protected":false},"excerpt":{"rendered":"Su Kay\u0131p ve Ka\u00e7aklar\u0131 Forumu ve Fuar\u01312-3 Kas\u0131m \u0130stanbulY\u00f6netmeli\u011fi takiben ilkini 2014\u2019 te ger\u00e7ekle\u015ftirdi\u011fimiz Su Kay\u0131p ve Ka\u00e7aklar\u0131 T\u00fcrkiye Forumu &amp; Fuar\u0131; su kaynaklar\u0131n\u0131n en etkin bi\u00e7imde kullan\u0131lmas\u0131, i\u00e7me suyu temininde gelir getirmeyen su kay\u0131plar\u0131n\u0131n azalt\u0131lmas\u0131, verimlilik iyile\u015ftirmeleri, entegre su y\u00f6netimi, ba\u015far\u0131l\u0131 \u00f6rnek uygulamalar\u0131n tan\u0131t\u0131lmas\u0131 ve yayg\u0131nla\u015ft\u0131r\u0131lmas\u0131n\u0131n tart\u0131\u015f\u0131ld\u0131\u011f\u0131 ve sunuldu\u011fu \u00f6nemli bir platform haline gelmi\u015ftir. [...]","protected":false},"author":1,"featured_media":0,"parent":0,"menu_order":0,"comment_status":"closed","ping_status":"closed","template":"","meta":{"om_disable_all_campaigns":false,"_monsterinsights_skip_tracking":false,"_monsterinsights_sitenote_active":false,"_monsterinsights_sitenote_note":"","_monsterinsights_sitenote_category":0,"_uf_show_specific_survey":0,"_uf_disable_surveys":false,"footnotes":""},"class_list":["post-4026","page","type-page","status-publish","hentry"],"aioseo_notices":[],"aioseo_head":"\n\t\t<!-- All in One SEO Pro 4.6.2 - aioseo.com -->\n\t\t<meta name=\"description\" content=\"Su Kay\u0131p ve Ka\u00e7aklar\u0131 Forumu ve Fuar\u01312-3 Kas\u0131m \u0130stanbulY\u00f6netmeli\u011fi takiben ilkini 2014\u2019 te ger\u00e7ekle\u015ftirdi\u011fimiz Su Kay\u0131p ve Ka\u00e7aklar\u0131 T\u00fcrkiye Forumu &amp; Fuar\u0131; su kaynaklar\u0131n\u0131n en etkin bi\u00e7imde kullan\u0131lmas\u0131, i\u00e7me suyu temininde gelir getirmeyen su kay\u0131plar\u0131n\u0131n azalt\u0131lmas\u0131, verimlilik iyile\u015ftirmeleri, entegre su y\u00f6netimi, ba\u015far\u0131l\u0131 \u00f6rnek uygulamalar\u0131n tan\u0131t\u0131lmas\u0131 ve yayg\u0131nla\u015ft\u0131r\u0131lmas\u0131n\u0131n tart\u0131\u015f\u0131ld\u0131\u011f\u0131 ve sunuldu\u011fu \u00f6nemli bir platform haline gelmi\u015ftir. Kanal Kaplama Rehabilitasyon\" \/>\n\t\t<meta name=\"robots\" content=\"max-image-preview:large\" \/>\n\t\t<link rel=\"canonical\" href=\"https:\/\/kanaltek.com\/en\/haberler\" \/>\n\t\t<meta name=\"generator\" content=\"All in One SEO Pro (AIOSEO) 4.6.2\" \/>\n\t\t<meta property=\"og:locale\" content=\"en_US\" \/>\n\t\t<meta property=\"og:site_name\" content=\"-\" \/>\n\t\t<meta property=\"og:type\" content=\"article\" \/>\n\t\t<meta property=\"og:title\" content=\"Haberler -\" \/>\n\t\t<meta property=\"og:description\" content=\"Su Kay\u0131p ve Ka\u00e7aklar\u0131 Forumu ve Fuar\u01312-3 Kas\u0131m \u0130stanbulY\u00f6netmeli\u011fi takiben ilkini 2014\u2019 te ger\u00e7ekle\u015ftirdi\u011fimiz Su Kay\u0131p ve Ka\u00e7aklar\u0131 T\u00fcrkiye Forumu &amp; Fuar\u0131; su kaynaklar\u0131n\u0131n en etkin bi\u00e7imde kullan\u0131lmas\u0131, i\u00e7me suyu temininde gelir getirmeyen su kay\u0131plar\u0131n\u0131n azalt\u0131lmas\u0131, verimlilik iyile\u015ftirmeleri, entegre su y\u00f6netimi, ba\u015far\u0131l\u0131 \u00f6rnek uygulamalar\u0131n tan\u0131t\u0131lmas\u0131 ve yayg\u0131nla\u015ft\u0131r\u0131lmas\u0131n\u0131n tart\u0131\u015f\u0131ld\u0131\u011f\u0131 ve sunuldu\u011fu \u00f6nemli bir platform haline gelmi\u015ftir. Kanal Kaplama Rehabilitasyon\" \/>\n\t\t<meta property=\"og:url\" content=\"https:\/\/kanaltek.com\/en\/haberler\" \/>\n\t\t<meta property=\"article:published_time\" content=\"2023-08-20T20:44:35+00:00\" \/>\n\t\t<meta property=\"article:modified_time\" content=\"2024-04-02T12:13:01+00:00\" \/>\n\t\t<meta property=\"article:publisher\" content=\"https:\/\/facebook.com\/kanaltek\" \/>\n\t\t<meta name=\"twitter:card\" content=\"summary_large_image\" \/>\n\t\t<meta name=\"twitter:site\" content=\"@KanaltekS\" \/>\n\t\t<meta name=\"twitter:title\" content=\"Haberler -\" \/>\n\t\t<meta name=\"twitter:description\" content=\"Su Kay\u0131p ve Ka\u00e7aklar\u0131 Forumu ve Fuar\u01312-3 Kas\u0131m \u0130stanbulY\u00f6netmeli\u011fi takiben ilkini 2014\u2019 te ger\u00e7ekle\u015ftirdi\u011fimiz Su Kay\u0131p ve Ka\u00e7aklar\u0131 T\u00fcrkiye Forumu &amp; Fuar\u0131; su kaynaklar\u0131n\u0131n en etkin bi\u00e7imde kullan\u0131lmas\u0131, i\u00e7me suyu temininde gelir getirmeyen su kay\u0131plar\u0131n\u0131n azalt\u0131lmas\u0131, verimlilik iyile\u015ftirmeleri, entegre su y\u00f6netimi, ba\u015far\u0131l\u0131 \u00f6rnek uygulamalar\u0131n tan\u0131t\u0131lmas\u0131 ve yayg\u0131nla\u015ft\u0131r\u0131lmas\u0131n\u0131n tart\u0131\u015f\u0131ld\u0131\u011f\u0131 ve sunuldu\u011fu \u00f6nemli bir platform haline gelmi\u015ftir. Kanal Kaplama Rehabilitasyon\" \/>\n\t\t<meta name=\"twitter:creator\" content=\"@KanaltekS\" \/>\n\t\t<script type=\"application\/ld+json\" class=\"aioseo-schema\">\n\t\t\t{\"@context\":\"https:\\\/\\\/schema.org\",\"@graph\":[{\"@type\":\"BreadcrumbList\",\"@id\":\"https:\\\/\\\/kanaltek.com\\\/en\\\/haberler#breadcrumblist\",\"itemListElement\":[{\"@type\":\"ListItem\",\"@id\":\"https:\\\/\\\/kanaltek.com\\\/en\\\/#listItem\",\"position\":1,\"name\":\"Home\",\"item\":\"https:\\\/\\\/kanaltek.com\\\/en\\\/\",\"nextItem\":\"https:\\\/\\\/kanaltek.com\\\/en\\\/haberler#listItem\"},{\"@type\":\"ListItem\",\"@id\":\"https:\\\/\\\/kanaltek.com\\\/en\\\/haberler#listItem\",\"position\":2,\"name\":\"Haberler\",\"previousItem\":\"https:\\\/\\\/kanaltek.com\\\/en\\\/#listItem\"}]},{\"@type\":\"Organization\",\"@id\":\"https:\\\/\\\/kanaltek.com\\\/en\\\/#organization\",\"name\":\"Kanaltek Kaz\\u0131s\\u0131z Teknolojiler\",\"url\":\"https:\\\/\\\/kanaltek.com\\\/en\\\/\",\"sameAs\":[\"https:\\\/\\\/facebook.com\\\/kanaltek\",\"https:\\\/\\\/twitter.com\\\/KanaltekS\",\"https:\\\/\\\/www.youtube.com\\\/channel\\\/UCqNnMgKrLzgjMhbshjElHzg\",\"https:\\\/\\\/www.linkedin.com\\\/in\\\/kanaltek\\\/\"],\"contactPoint\":{\"@type\":\"ContactPoint\",\"telephone\":\"+902166930062\",\"contactType\":\"Customer Support\"}},{\"@type\":\"WebPage\",\"@id\":\"https:\\\/\\\/kanaltek.com\\\/en\\\/haberler#webpage\",\"url\":\"https:\\\/\\\/kanaltek.com\\\/en\\\/haberler\",\"name\":\"Haberler -\",\"description\":\"Su Kay\\u0131p ve Ka\\u00e7aklar\\u0131 Forumu ve Fuar\\u01312-3 Kas\\u0131m \\u0130stanbulY\\u00f6netmeli\\u011fi takiben ilkini 2014\\u2019 te ger\\u00e7ekle\\u015ftirdi\\u011fimiz Su Kay\\u0131p ve Ka\\u00e7aklar\\u0131 T\\u00fcrkiye Forumu & Fuar\\u0131; su kaynaklar\\u0131n\\u0131n en etkin bi\\u00e7imde kullan\\u0131lmas\\u0131, i\\u00e7me suyu temininde gelir getirmeyen su kay\\u0131plar\\u0131n\\u0131n azalt\\u0131lmas\\u0131, verimlilik iyile\\u015ftirmeleri, entegre su y\\u00f6netimi, ba\\u015far\\u0131l\\u0131 \\u00f6rnek uygulamalar\\u0131n tan\\u0131t\\u0131lmas\\u0131 ve yayg\\u0131nla\\u015ft\\u0131r\\u0131lmas\\u0131n\\u0131n tart\\u0131\\u015f\\u0131ld\\u0131\\u011f\\u0131 ve sunuldu\\u011fu \\u00f6nemli bir platform haline gelmi\\u015ftir. Kanal Kaplama Rehabilitasyon\",\"inLanguage\":\"en-US\",\"isPartOf\":{\"@id\":\"https:\\\/\\\/kanaltek.com\\\/en\\\/#website\"},\"breadcrumb\":{\"@id\":\"https:\\\/\\\/kanaltek.com\\\/en\\\/haberler#breadcrumblist\"},\"datePublished\":\"2023-08-20T23:44:35+03:00\",\"dateModified\":\"2024-04-02T15:13:01+03:00\"},{\"@type\":\"WebSite\",\"@id\":\"https:\\\/\\\/kanaltek.com\\\/en\\\/#website\",\"url\":\"https:\\\/\\\/kanaltek.com\\\/en\\\/\",\"name\":\"Kanaltek Kaz\\u0131s\\u0131z Teknolojiler - FOLD & FORM - CIPP - UV Kaplama\",\"inLanguage\":\"en-US\",\"publisher\":{\"@id\":\"https:\\\/\\\/kanaltek.com\\\/en\\\/#organization\"}}]}\n\t\t<\/script>\n\t\t<!-- All in One SEO Pro -->\r\n\t\t<title>Haberler -<\/title>\n\n","aioseo_head_json":{"title":"Haberler -","description":"Su Kay\u0131p ve Ka\u00e7aklar\u0131 Forumu ve Fuar\u01312-3 Kas\u0131m \u0130stanbulY\u00f6netmeli\u011fi takiben ilkini 2014\u2019 te ger\u00e7ekle\u015ftirdi\u011fimiz Su Kay\u0131p ve Ka\u00e7aklar\u0131 T\u00fcrkiye Forumu & Fuar\u0131; su kaynaklar\u0131n\u0131n en etkin bi\u00e7imde kullan\u0131lmas\u0131, i\u00e7me suyu temininde gelir getirmeyen su kay\u0131plar\u0131n\u0131n azalt\u0131lmas\u0131, verimlilik iyile\u015ftirmeleri, entegre su y\u00f6netimi, ba\u015far\u0131l\u0131 \u00f6rnek uygulamalar\u0131n tan\u0131t\u0131lmas\u0131 ve yayg\u0131nla\u015ft\u0131r\u0131lmas\u0131n\u0131n tart\u0131\u015f\u0131ld\u0131\u011f\u0131 ve sunuldu\u011fu \u00f6nemli bir platform haline gelmi\u015ftir. Kanal Kaplama Rehabilitasyon","canonical_url":"https:\/\/kanaltek.com\/en\/haberler","robots":"max-image-preview:large","keywords":"","webmasterTools":{"miscellaneous":""},"og:locale":"en_US","og:site_name":"-","og:type":"article","og:title":"Haberler -","og:description":"Su Kay\u0131p ve Ka\u00e7aklar\u0131 Forumu ve Fuar\u01312-3 Kas\u0131m \u0130stanbulY\u00f6netmeli\u011fi takiben ilkini 2014\u2019 te ger\u00e7ekle\u015ftirdi\u011fimiz Su Kay\u0131p ve Ka\u00e7aklar\u0131 T\u00fcrkiye Forumu &amp; Fuar\u0131; su kaynaklar\u0131n\u0131n en etkin bi\u00e7imde kullan\u0131lmas\u0131, i\u00e7me suyu temininde gelir getirmeyen su kay\u0131plar\u0131n\u0131n azalt\u0131lmas\u0131, verimlilik iyile\u015ftirmeleri, entegre su y\u00f6netimi, ba\u015far\u0131l\u0131 \u00f6rnek uygulamalar\u0131n tan\u0131t\u0131lmas\u0131 ve yayg\u0131nla\u015ft\u0131r\u0131lmas\u0131n\u0131n tart\u0131\u015f\u0131ld\u0131\u011f\u0131 ve sunuldu\u011fu \u00f6nemli bir platform haline gelmi\u015ftir. Kanal Kaplama Rehabilitasyon","og:url":"https:\/\/kanaltek.com\/en\/haberler","article:published_time":"2023-08-20T20:44:35+00:00","article:modified_time":"2024-04-02T12:13:01+00:00","article:publisher":"https:\/\/facebook.com\/kanaltek","twitter:card":"summary_large_image","twitter:site":"@KanaltekS","twitter:title":"Haberler -","twitter:description":"Su Kay\u0131p ve Ka\u00e7aklar\u0131 Forumu ve Fuar\u01312-3 Kas\u0131m \u0130stanbulY\u00f6netmeli\u011fi takiben ilkini 2014\u2019 te ger\u00e7ekle\u015ftirdi\u011fimiz Su Kay\u0131p ve Ka\u00e7aklar\u0131 T\u00fcrkiye Forumu &amp; Fuar\u0131; su kaynaklar\u0131n\u0131n en etkin bi\u00e7imde kullan\u0131lmas\u0131, i\u00e7me suyu temininde gelir getirmeyen su kay\u0131plar\u0131n\u0131n azalt\u0131lmas\u0131, verimlilik iyile\u015ftirmeleri, entegre su y\u00f6netimi, ba\u015far\u0131l\u0131 \u00f6rnek uygulamalar\u0131n tan\u0131t\u0131lmas\u0131 ve yayg\u0131nla\u015ft\u0131r\u0131lmas\u0131n\u0131n tart\u0131\u015f\u0131ld\u0131\u011f\u0131 ve sunuldu\u011fu \u00f6nemli bir platform haline gelmi\u015ftir. Kanal Kaplama Rehabilitasyon","twitter:creator":"@KanaltekS","schema":{"@context":"https:\/\/schema.org","@graph":[{"@type":"BreadcrumbList","@id":"https:\/\/kanaltek.com\/en\/haberler#breadcrumblist","itemListElement":[{"@type":"ListItem","@id":"https:\/\/kanaltek.com\/en\/#listItem","position":1,"name":"Home","item":"https:\/\/kanaltek.com\/en\/","nextItem":"https:\/\/kanaltek.com\/en\/haberler#listItem"},{"@type":"ListItem","@id":"https:\/\/kanaltek.com\/en\/haberler#listItem","position":2,"name":"Haberler","previousItem":"https:\/\/kanaltek.com\/en\/#listItem"}]},{"@type":"Organization","@id":"https:\/\/kanaltek.com\/en\/#organization","name":"Kanaltek Kaz\u0131s\u0131z Teknolojiler","url":"https:\/\/kanaltek.com\/en\/","sameAs":["https:\/\/facebook.com\/kanaltek","https:\/\/twitter.com\/KanaltekS","https:\/\/www.youtube.com\/channel\/UCqNnMgKrLzgjMhbshjElHzg","https:\/\/www.linkedin.com\/in\/kanaltek\/"],"contactPoint":{"@type":"ContactPoint","telephone":"+902166930062","contactType":"Customer Support"}},{"@type":"WebPage","@id":"https:\/\/kanaltek.com\/en\/haberler#webpage","url":"https:\/\/kanaltek.com\/en\/haberler","name":"Haberler -","description":"Su Kay\u0131p ve Ka\u00e7aklar\u0131 Forumu ve Fuar\u01312-3 Kas\u0131m \u0130stanbulY\u00f6netmeli\u011fi takiben ilkini 2014\u2019 te ger\u00e7ekle\u015ftirdi\u011fimiz Su Kay\u0131p ve Ka\u00e7aklar\u0131 T\u00fcrkiye Forumu & Fuar\u0131; su kaynaklar\u0131n\u0131n en etkin bi\u00e7imde kullan\u0131lmas\u0131, i\u00e7me suyu temininde gelir getirmeyen su kay\u0131plar\u0131n\u0131n azalt\u0131lmas\u0131, verimlilik iyile\u015ftirmeleri, entegre su y\u00f6netimi, ba\u015far\u0131l\u0131 \u00f6rnek uygulamalar\u0131n tan\u0131t\u0131lmas\u0131 ve yayg\u0131nla\u015ft\u0131r\u0131lmas\u0131n\u0131n tart\u0131\u015f\u0131ld\u0131\u011f\u0131 ve sunuldu\u011fu \u00f6nemli bir platform haline gelmi\u015ftir. Kanal Kaplama Rehabilitasyon","inLanguage":"en-US","isPartOf":{"@id":"https:\/\/kanaltek.com\/en\/#website"},"breadcrumb":{"@id":"https:\/\/kanaltek.com\/en\/haberler#breadcrumblist"},"datePublished":"2023-08-20T23:44:35+03:00","dateModified":"2024-04-02T15:13:01+03:00"},{"@type":"WebSite","@id":"https:\/\/kanaltek.com\/en\/#website","url":"https:\/\/kanaltek.com\/en\/","name":"Kanaltek Kaz\u0131s\u0131z Teknolojiler - FOLD & FORM - CIPP - UV Kaplama","inLanguage":"en-US","publisher":{"@id":"https:\/\/kanaltek.com\/en\/#organization"}}]}},"aioseo_meta_data":{"post_id":"4026","title":null,"description":"#post_excerpt Kanal Kaplama Rehabilitasyon","keywords":null,"keyphrases":null,"primary_term":null,"canonical_url":null,"og_title":null,"og_description":null,"og_object_type":"default","og_image_type":"default","og_image_url":null,"og_image_width":null,"og_image_height":null,"og_image_custom_url":null,"og_image_custom_fields":null,"og_video":"","og_custom_url":null,"og_article_section":null,"og_article_tags":null,"twitter_use_og":false,"twitter_card":"default","twitter_image_type":"default","twitter_image_url":null,"twitter_image_custom_url":null,"twitter_image_custom_fields":null,"twitter_title":null,"twitter_description":null,"schema":{"blockGraphs":[],"customGraphs":[],"default":{"data":{"Article":[],"Course":[],"Dataset":[],"FAQPage":[],"Movie":[],"Person":[],"Product":[],"Recipe":[],"Service":[],"SoftwareApplication":[],"WebPage":[]},"graphName":"","isEnabled":true},"graphs":[]},"schema_type":"default","schema_type_options":null,"pillar_content":false,"robots_default":true,"robots_noindex":false,"robots_noarchive":false,"robots_nosnippet":false,"robots_nofollow":false,"robots_noimageindex":false,"robots_noodp":false,"robots_notranslate":false,"robots_max_snippet":"-1","robots_max_videopreview":"-1","robots_max_imagepreview":"large","priority":null,"frequency":"default","local_seo":null,"limit_modified_date":false,"created":"2024-03-30 19:35:28","updated":"2024-05-08 13:57:27"},"aioseo_breadcrumb":"<div class=\"aioseo-breadcrumbs\"><span class=\"aioseo-breadcrumb\">\n\t<a href=\"https:\/\/kanaltek.com\/en\" title=\"Home\">Home<\/a>\n<\/span><span class=\"aioseo-breadcrumb-separator\">\u2013<\/span><span class=\"aioseo-breadcrumb\">\n\tHaberler\n<\/span><\/div>","aioseo_breadcrumb_json":[{"label":"Home","link":"https:\/\/kanaltek.com\/en"},{"label":"Haberler","link":"https:\/\/kanaltek.com\/en\/haberler"}],"_links":{"self":[{"href":"https:\/\/kanaltek.com\/en\/wp-json\/wp\/v2\/pages\/4026","targetHints":{"allow":["GET"]}}],"collection":[{"href":"https:\/\/kanaltek.com\/en\/wp-json\/wp\/v2\/pages"}],"about":[{"href":"https:\/\/kanaltek.com\/en\/wp-json\/wp\/v2\/types\/page"}],"author":[{"embeddable":true,"href":"https:\/\/kanaltek.com\/en\/wp-json\/wp\/v2\/users\/1"}],"replies":[{"embeddable":true,"href":"https:\/\/kanaltek.com\/en\/wp-json\/wp\/v2\/comments?post=4026"}],"version-history":[{"count":27,"href":"https:\/\/kanaltek.com\/en\/wp-json\/wp\/v2\/pages\/4026\/revisions"}],"predecessor-version":[{"id":4160,"href":"https:\/\/kanaltek.com\/en\/wp-json\/wp\/v2\/pages\/4026\/revisions\/4160"}],"wp:attachment":[{"href":"https:\/\/kanaltek.com\/en\/wp-json\/wp\/v2\/media?parent=4026"}],"curies":[{"name":"wp","href":"https:\/\/api.w.org\/{rel}","templated":true}]}}