{"id":4230,"date":"2024-04-13T18:31:50","date_gmt":"2024-04-13T15:31:50","guid":{"rendered":"https:\/\/kanaltek.com\/?page_id=4230"},"modified":"2024-10-15T13:37:16","modified_gmt":"2024-10-15T10:37:16","slug":"kanal-kaplama","status":"publish","type":"page","link":"https:\/\/kanaltek.com\/en\/kanal-kaplama","title":{"rendered":"Kanal Kaplama"},"content":{"rendered":"<div data-elementor-type=\"wp-page\" data-elementor-id=\"4230\" class=\"elementor elementor-4230\" data-elementor-post-type=\"page\">\n\t\t\t\t\t\t<section class=\"elementor-section elementor-top-section elementor-element elementor-element-050f2b7 elementor-section-boxed elementor-section-height-default elementor-section-height-default\" data-id=\"050f2b7\" data-element_type=\"section\" data-e-type=\"section\">\n\t\t\t\t\t\t<div class=\"elementor-container elementor-column-gap-default\">\n\t\t\t\t\t<div class=\"elementor-column elementor-col-50 elementor-top-column elementor-element elementor-element-2881392\" data-id=\"2881392\" data-element_type=\"column\" data-e-type=\"column\">\n\t\t\t<div class=\"elementor-widget-wrap elementor-element-populated\">\n\t\t\t\t\t\t<div class=\"elementor-element elementor-element-5eaa8d6 elementor-widget elementor-widget-heading\" data-id=\"5eaa8d6\" data-element_type=\"widget\" data-e-type=\"widget\" data-widget_type=\"heading.default\">\n\t\t\t\t<div class=\"elementor-widget-container\">\n\t\t\t\t\t<h1 class=\"elementor-heading-title elementor-size-default\">Kanal Kaplama Nedir?<\/h1>\t\t\t\t<\/div>\n\t\t\t\t<\/div>\n\t\t\t\t<div class=\"elementor-element elementor-element-3dd63f7 elementor-widget elementor-widget-text-editor\" data-id=\"3dd63f7\" data-element_type=\"widget\" data-e-type=\"widget\" data-widget_type=\"text-editor.default\">\n\t\t\t\t<div class=\"elementor-widget-container\">\n\t\t\t\t\t\t\t\t\t<h2 data-sourcepos=\"1:1-1:44\">At\u0131k Su Kanal Kaplama<\/h2><h4 data-sourcepos=\"1:1-1:44\">Kapsaml\u0131 Bir Rehber<\/h4><p style=\"text-align: justify;\" data-sourcepos=\"3:1-3:10\">At\u0131k su kanal kaplama, at\u0131k suyun ta\u015f\u0131nmas\u0131 ve depolanmas\u0131 i\u00e7in kullan\u0131lan borular\u0131n i\u00e7 ve d\u0131\u015f y\u00fczeylerinin korunmas\u0131 i\u00e7in kullan\u0131lan bir y\u00f6ntemdir. Bu i\u015flem, korozyonu, a\u015f\u0131nmay\u0131 ve t\u0131kanmay\u0131 \u00f6nleyerek kanal sisteminin \u00f6mr\u00fcn\u00fc uzatmaya yard\u0131mc\u0131 olur. At\u0131k su kanal kaplama, ayr\u0131ca at\u0131k suyun \u00e7evreye s\u0131zmas\u0131n\u0131 \u00f6nleyerek \u00e7evre kirlili\u011fini de azalt\u0131r.<\/p><p data-sourcepos=\"7:1-7:38\"><strong>At\u0131k su Kanal Kaplaman\u0131n Faydalar\u0131:<\/strong><\/p><ul data-sourcepos=\"9:1-15:0\"><li style=\"text-align: justify;\" data-sourcepos=\"9:1-9:99\"><strong>Artan dayan\u0131kl\u0131l\u0131k:<\/strong>\u00a0Kaplama, borular\u0131 korozyondan, a\u015f\u0131nmadan ve kimyasal sald\u0131r\u0131lardan korur.<\/li><li style=\"text-align: justify;\" data-sourcepos=\"10:1-10:117\"><strong>Uzat\u0131lm\u0131\u015f hizmet \u00f6mr\u00fc:<\/strong>\u00a0Kaplama, borular\u0131n daha uzun s\u00fcre dayanmas\u0131n\u0131 sa\u011flayarak kanal sisteminin \u00f6mr\u00fcn\u00fc uzat\u0131r.<\/li><li style=\"text-align: justify;\" data-sourcepos=\"11:1-11:124\"><strong>Azalt\u0131lm\u0131\u015f t\u0131kan\u0131kl\u0131k riski:<\/strong>\u00a0P\u00fcr\u00fczs\u00fcz bir kaplama, at\u0131k suyun daha kolay akmas\u0131n\u0131 sa\u011flayarak t\u0131kan\u0131kl\u0131k riskini azalt\u0131r.<\/li><li style=\"text-align: center;\" data-sourcepos=\"12:1-12:77\"><strong>\u00c7evre korumas\u0131:<\/strong>\u00a0S\u0131z\u0131nt\u0131lar\u0131 \u00f6nleyerek at\u0131suyun \u00e7evreye s\u0131zmas\u0131n\u0131 \u00f6nler.<\/li><li style=\"text-align: justify;\" data-sourcepos=\"13:1-13:140\"><strong>Enerji tasarrufu:<\/strong>\u00a0P\u00fcr\u00fczs\u00fcz bir kaplama, at\u0131k suyun daha az diren\u00e7le akmas\u0131n\u0131 sa\u011flayarak pompa istasyonlar\u0131n\u0131n enerji t\u00fcketimini azalt\u0131r.<\/li><li style=\"text-align: justify;\" data-sourcepos=\"14:1-15:0\"><strong><a href=\"https:\/\/kanaltek.com\/en\/teknoloji\/\">Estetik g\u00f6r\u00fcn\u00fcm<\/a>:<\/strong>\u00a0Kaplama, kanal sistemine daha estetik bir g\u00f6r\u00fcn\u00fcm kazand\u0131r\u0131r.<\/li><\/ul><p data-sourcepos=\"16:1-16:33\"><strong>At\u0131k Su Kanal Kaplama T\u00fcrleri:<\/strong><\/p><p data-sourcepos=\"18:1-18:85\">Farkl\u0131 at\u0131ksu kanal kaplama t\u00fcrleri mevcuttur. En yayg\u0131n kullan\u0131lan t\u00fcrler \u015funlard\u0131r:<\/p><ul data-sourcepos=\"20:1-24:0\"><li data-sourcepos=\"20:1-20:114\"><strong><span class=\"citation-0 entailed\" tabindex=\"0\" role=\"button\">Epoksi Kaplama:<\/span><\/strong><span class=\"citation-0 entailed citation-end-0\" tabindex=\"0\" role=\"button\"> Epoksi kaplama, y\u00fcksek dayan\u0131kl\u0131l\u0131k ve kimyasal diren\u00e7 sa\u011flayan bir malzemedir.<\/span><\/li><li data-sourcepos=\"20:1-20:114\"><strong><span class=\"citation-1 entailed\" tabindex=\"0\" role=\"button\">Poli\u00fcretan Kaplama:<\/span><\/strong><span class=\"citation-1 entailed citation-end-1\" tabindex=\"0\" role=\"button\"> Poli\u00fcretan kaplama, esnekli\u011fi ve a\u015f\u0131nma direnci ile bilinir.<\/span><\/li><li data-sourcepos=\"22:1-22:94\"><strong>Akrilik Kaplama:<\/strong>\u00a0Akrilik kaplama, kolay uygulanmas\u0131 ve d\u00fc\u015f\u00fck maliyeti ile tercih edilir.<\/li><li data-sourcepos=\"23:1-24:0\"><strong><span class=\"citation-2 entailed\" tabindex=\"0\" role=\"button\">Silikon Kaplama:<\/span><\/strong><span class=\"citation-2 entailed citation-end-2\" tabindex=\"0\" role=\"button\"> Silikon kaplama, y\u00fcksek \u0131s\u0131ya ve kimyasallara dayan\u0131kl\u0131d\u0131r.<\/span><\/li><\/ul><p data-sourcepos=\"25:1-25:32\"><strong>At\u0131k su Kanal Kaplama Se\u00e7imi:<\/strong><\/p><p data-sourcepos=\"27:1-27:89\">At\u0131k su kanal kaplama se\u00e7erken g\u00f6z \u00f6n\u00fcnde bulundurulmas\u0131 gereken baz\u0131 fakt\u00f6rler \u015funlard\u0131r:<\/p><ul data-sourcepos=\"29:1-33:0\"><li data-sourcepos=\"29:1-29:92\"><strong>Borular\u0131n tipi ve malzemesi:<\/strong>\u00a0Farkl\u0131 boru t\u00fcrleri i\u00e7in farkl\u0131 kaplama t\u00fcrleri uygundur.<\/li><li data-sourcepos=\"30:1-30:93\"><strong>At\u0131k suyun t\u00fcr\u00fc ve i\u00e7eri\u011fi:<\/strong>\u00a0Baz\u0131 kaplamalar, belirli kimyasallara kar\u015f\u0131 daha diren\u00e7lidir.<\/li><li data-sourcepos=\"31:1-31:73\"><strong>B\u00fct\u00e7e:<\/strong>\u00a0Farkl\u0131 kaplama t\u00fcrlerinin fiyatlar\u0131 de\u011fi\u015fiklik g\u00f6sterebilir.<\/li><li data-sourcepos=\"32:1-33:0\"><strong>Uygulama kolayl\u0131\u011f\u0131:<\/strong>\u00a0Baz\u0131 kaplamalar di\u011ferlerinden daha kolay uygulan\u0131r.<\/li><\/ul><p data-sourcepos=\"34:1-34:32\"><strong>At\u0131k Su Kanal Kaplama S\u00fcreci:<\/strong><\/p><p data-sourcepos=\"36:1-36:66\">At\u0131k su kanal kaplama s\u00fcreci, genellikle a\u015fa\u011f\u0131daki ad\u0131mlar\u0131 i\u00e7erir:<\/p><ul data-sourcepos=\"38:1-42:0\"><li data-sourcepos=\"38:1-38:113\"><strong>Borular\u0131n temizli\u011fi:<\/strong>\u00a0Borular, kaplama i\u015flemine ba\u015flamadan \u00f6nce kir, gres ve di\u011fer kal\u0131nt\u0131lardan temizlenir.<\/li><li data-sourcepos=\"39:1-39:115\"><strong><span class=\"citation-3 entailed\" tabindex=\"0\" role=\"button\">Y\u00fczey haz\u0131rl\u0131\u011f\u0131:<\/span><\/strong><span class=\"citation-3 entailed citation-end-3\" tabindex=\"0\" role=\"button\"> Borular\u0131n y\u00fczeyi, kaplaman\u0131n yap\u0131\u015fmas\u0131n\u0131 sa\u011flamak i\u00e7in p\u00fcr\u00fczs\u00fcz hale getirilir.<\/span><\/li><li data-sourcepos=\"40:1-40:85\"><strong>Kaplama uygulamas\u0131:<\/strong>\u00a0Kaplama, f\u0131r\u00e7a, rulo veya p\u00fcsk\u00fcrtme ile borulara uygulan\u0131r.<\/li><li data-sourcepos=\"41:1-42:0\"><strong>Kuruma s\u00fcresi:<\/strong>\u00a0Kaplaman\u0131n tamamen kurumas\u0131 i\u00e7in zaman tan\u0131n\u0131r.<\/li><\/ul><p data-sourcepos=\"43:1-43:33\"><strong>At\u0131k Su Kanal Kaplama Sonras\u0131:<\/strong><\/p><p style=\"text-align: justify;\" data-sourcepos=\"45:1-45:190\">At\u0131k su kanal kaplama tamamland\u0131ktan sonra, sistemin s\u0131z\u0131nt\u0131lara kar\u015f\u0131 kontrol edilmesi \u00f6nemlidir. Kaplama, kanal sisteminin \u00f6mr\u00fcn\u00fc uzatmaya ve \u00e7evre kirlili\u011fini azaltmaya yard\u0131mc\u0131 olacakt\u0131r.<\/p><p style=\"text-align: justify;\" data-sourcepos=\"49:1-49:307\">At\u0131k su kanal kaplama, kanal sisteminin korunmas\u0131 ve \u00e7evrenin korunmas\u0131 i\u00e7in \u00f6nemli bir y\u00f6ntemdir. Farkl\u0131 at\u0131k su kanal kaplama t\u00fcrleri mevcuttur ve se\u00e7im, borular\u0131n tipi, at\u0131k suyun t\u00fcr\u00fc ve b\u00fct\u00e7e gibi fakt\u00f6rlere ba\u011fl\u0131 olarak yap\u0131lmal\u0131d\u0131r. At\u0131k su kanal kaplama i\u015flemi, yetkili bir firma taraf\u0131ndan yap\u0131lmal\u0131d\u0131r.<\/p><p style=\"text-align: justify;\" data-sourcepos=\"51:1-51:133\"><strong>Not:<\/strong> Bu makalede, at\u0131k su <a href=\"https:\/\/kanaltek.com\/en\/iletisim\/\">kanal kaplama<\/a> hakk\u0131nda genel bilgiler verilmi\u015ftir. Daha fazla bilgi i\u00e7in bir uzman ekibimize dan\u0131\u015fman\u0131z \u00f6nerilir.<\/p>\t\t\t\t\t\t\t\t<\/div>\n\t\t\t\t<\/div>\n\t\t\t\t\t<\/div>\n\t\t<\/div>\n\t\t\t\t<div class=\"elementor-column elementor-col-50 elementor-top-column elementor-element elementor-element-b47b563\" data-id=\"b47b563\" data-element_type=\"column\" data-e-type=\"column\">\n\t\t\t<div class=\"elementor-widget-wrap elementor-element-populated\">\n\t\t\t\t\t\t<div class=\"elementor-element elementor-element-5e53d04 elementor-widget elementor-widget-image\" data-id=\"5e53d04\" data-element_type=\"widget\" data-e-type=\"widget\" data-widget_type=\"image.default\">\n\t\t\t\t<div class=\"elementor-widget-container\">\n\t\t\t\t\t\t\t\t\t\t\t\t<figure class=\"wp-caption\">\n\t\t\t\t\t\t\t\t\t\t\t<a href=\"http:\/\/kanaltek.com\/wp-content\/uploads\/2018\/11\/Resim2.png\" data-elementor-open-lightbox=\"yes\" data-elementor-lightbox-title=\"Resim2\" data-elementor-lightbox-description=\"Kanal Kaplama\" data-e-action-hash=\"#elementor-action%3Aaction%3Dlightbox%26settings%3DeyJpZCI6Mzc3NSwidXJsIjoiaHR0cDpcL1wva2FuYWx0ZWsuY29tXC93cC1jb250ZW50XC91cGxvYWRzXC8yMDE4XC8xMVwvUmVzaW0yLnBuZyJ9\">\n\t\t\t\t\t\t\t<img fetchpriority=\"high\" decoding=\"async\" width=\"640\" height=\"472\" src=\"http:\/\/kanaltek.com\/wp-content\/uploads\/2018\/11\/Resim2.png\" class=\"attachment-large size-large wp-image-3775\" alt=\"resim2\" srcset=\"http:\/\/kanaltek.com\/wp-content\/uploads\/2018\/11\/Resim2.png 1015w, http:\/\/kanaltek.com\/wp-content\/uploads\/2018\/11\/Resim2-300x221.png 300w, http:\/\/kanaltek.com\/wp-content\/uploads\/2018\/11\/Resim2-768x566.png 768w\" sizes=\"(max-width: 640px) 100vw, 640px\" title=\"Resim2 - \" \/>\t\t\t\t\t\t\t\t<\/a>\n\t\t\t\t\t\t\t\t\t\t\t<figcaption class=\"widget-image-caption wp-caption-text\">Kanal Kaplama<\/figcaption>\n\t\t\t\t\t\t\t\t\t\t<\/figure>\n\t\t\t\t\t\t\t\t\t<\/div>\n\t\t\t\t<\/div>\n\t\t\t\t\t<\/div>\n\t\t<\/div>\n\t\t\t\t\t<\/div>\n\t\t<\/section>\n\t\t\t\t<\/div>","protected":false},"excerpt":{"rendered":"<p>Kanal Kaplama Nedir? At\u0131k Su Kanal Kaplama Kapsaml\u0131 Bir Rehber At\u0131k su kanal kaplama, at\u0131k suyun ta\u015f\u0131nmas\u0131 ve depolanmas\u0131 i\u00e7in kullan\u0131lan borular\u0131n i\u00e7 ve d\u0131\u015f y\u00fczeylerinin korunmas\u0131 i\u00e7in kullan\u0131lan bir y\u00f6ntemdir. Bu i\u015flem, korozyonu, a\u015f\u0131nmay\u0131 ve t\u0131kanmay\u0131 \u00f6nleyerek kanal sisteminin \u00f6mr\u00fcn\u00fc uzatmaya yard\u0131mc\u0131 olur. At\u0131k su kanal kaplama, ayr\u0131ca at\u0131k suyun \u00e7evreye s\u0131zmas\u0131n\u0131 \u00f6nleyerek \u00e7evre [&hellip;]<\/p>\n","protected":false},"author":1,"featured_media":3853,"parent":0,"menu_order":0,"comment_status":"closed","ping_status":"closed","template":"","meta":{"om_disable_all_campaigns":false,"_monsterinsights_skip_tracking":false,"_monsterinsights_sitenote_active":false,"_monsterinsights_sitenote_note":"","_monsterinsights_sitenote_category":0,"_uf_show_specific_survey":0,"_uf_disable_surveys":false,"footnotes":""},"class_list":["post-4230","page","type-page","status-publish","has-post-thumbnail","hentry"],"aioseo_notices":[],"aioseo_head":"\n\t\t<!-- All in One SEO Pro 4.6.2 - aioseo.com -->\n\t\t<meta name=\"description\" content=\"Kanal Kaplama Nedir? At\u0131k Su Kanal Kaplama Kapsaml\u0131 Bir Rehber At\u0131k su kanal kaplama, at\u0131k suyun ta\u015f\u0131nmas\u0131 ve depolanmas\u0131 i\u00e7in kullan\u0131lan borular\u0131n i\u00e7 ve d\u0131\u015f y\u00fczeylerinin korunmas\u0131 i\u00e7in kullan\u0131lan bir y\u00f6ntemdir. Bu i\u015flem, korozyonu, a\u015f\u0131nmay\u0131 ve t\u0131kanmay\u0131 \u00f6nleyerek kanal sisteminin \u00f6mr\u00fcn\u00fc uzatmaya yard\u0131mc\u0131 olur. At\u0131k su kanal kaplama, ayr\u0131ca at\u0131k suyun \u00e7evreye s\u0131zmas\u0131n\u0131 \u00f6nleyerek \u00e7evre Kanal Rehabilitasyonu\" \/>\n\t\t<meta name=\"robots\" content=\"max-image-preview:large\" \/>\n\t\t<link rel=\"canonical\" href=\"https:\/\/kanaltek.com\/en\/kanal-kaplama\" \/>\n\t\t<meta name=\"generator\" content=\"All in One SEO Pro (AIOSEO) 4.6.2\" \/>\n\t\t<meta property=\"og:locale\" content=\"en_US\" \/>\n\t\t<meta property=\"og:site_name\" content=\"-\" \/>\n\t\t<meta property=\"og:type\" content=\"article\" \/>\n\t\t<meta property=\"og:title\" content=\"Kanal Kaplama - Kaz\u0131s\u0131z Kanal Kaplama\" \/>\n\t\t<meta property=\"og:description\" content=\"Kanal Kaplama Nedir? At\u0131k Su Kanal Kaplama Kapsaml\u0131 Bir Rehber At\u0131k su kanal kaplama, at\u0131k suyun ta\u015f\u0131nmas\u0131 ve depolanmas\u0131 i\u00e7in kullan\u0131lan borular\u0131n i\u00e7 ve d\u0131\u015f y\u00fczeylerinin korunmas\u0131 i\u00e7in kullan\u0131lan bir y\u00f6ntemdir. Bu i\u015flem, korozyonu, a\u015f\u0131nmay\u0131 ve t\u0131kanmay\u0131 \u00f6nleyerek kanal sisteminin \u00f6mr\u00fcn\u00fc uzatmaya yard\u0131mc\u0131 olur. At\u0131k su kanal kaplama, ayr\u0131ca at\u0131k suyun \u00e7evreye s\u0131zmas\u0131n\u0131 \u00f6nleyerek \u00e7evre Kanal Rehabilitasyonu\" \/>\n\t\t<meta property=\"og:url\" content=\"https:\/\/kanaltek.com\/en\/kanal-kaplama\" \/>\n\t\t<meta property=\"article:published_time\" content=\"2024-04-13T15:31:50+00:00\" \/>\n\t\t<meta property=\"article:modified_time\" content=\"2024-10-15T10:37:16+00:00\" \/>\n\t\t<meta property=\"article:publisher\" content=\"https:\/\/facebook.com\/kanaltek\" \/>\n\t\t<meta name=\"twitter:card\" content=\"summary_large_image\" \/>\n\t\t<meta name=\"twitter:site\" content=\"@KanaltekS\" \/>\n\t\t<meta name=\"twitter:title\" content=\"Kanal Kaplama - Kaz\u0131s\u0131z Kanal Kaplama\" \/>\n\t\t<meta name=\"twitter:description\" content=\"Kanal Kaplama Nedir? At\u0131k Su Kanal Kaplama Kapsaml\u0131 Bir Rehber At\u0131k su kanal kaplama, at\u0131k suyun ta\u015f\u0131nmas\u0131 ve depolanmas\u0131 i\u00e7in kullan\u0131lan borular\u0131n i\u00e7 ve d\u0131\u015f y\u00fczeylerinin korunmas\u0131 i\u00e7in kullan\u0131lan bir y\u00f6ntemdir. Bu i\u015flem, korozyonu, a\u015f\u0131nmay\u0131 ve t\u0131kanmay\u0131 \u00f6nleyerek kanal sisteminin \u00f6mr\u00fcn\u00fc uzatmaya yard\u0131mc\u0131 olur. At\u0131k su kanal kaplama, ayr\u0131ca at\u0131k suyun \u00e7evreye s\u0131zmas\u0131n\u0131 \u00f6nleyerek \u00e7evre Kanal Rehabilitasyonu\" \/>\n\t\t<meta name=\"twitter:creator\" content=\"@KanaltekS\" \/>\n\t\t<script type=\"application\/ld+json\" class=\"aioseo-schema\">\n\t\t\t{\"@context\":\"https:\\\/\\\/schema.org\",\"@graph\":[{\"@type\":\"BreadcrumbList\",\"@id\":\"https:\\\/\\\/kanaltek.com\\\/en\\\/kanal-kaplama#breadcrumblist\",\"itemListElement\":[{\"@type\":\"ListItem\",\"@id\":\"https:\\\/\\\/kanaltek.com\\\/en\\\/#listItem\",\"position\":1,\"name\":\"Home\",\"item\":\"https:\\\/\\\/kanaltek.com\\\/en\\\/\",\"nextItem\":\"https:\\\/\\\/kanaltek.com\\\/en\\\/kanal-kaplama#listItem\"},{\"@type\":\"ListItem\",\"@id\":\"https:\\\/\\\/kanaltek.com\\\/en\\\/kanal-kaplama#listItem\",\"position\":2,\"name\":\"Kanal Kaplama\",\"previousItem\":\"https:\\\/\\\/kanaltek.com\\\/en\\\/#listItem\"}]},{\"@type\":\"Organization\",\"@id\":\"https:\\\/\\\/kanaltek.com\\\/en\\\/#organization\",\"name\":\"Kanaltek Kaz\\u0131s\\u0131z Teknolojiler\",\"url\":\"https:\\\/\\\/kanaltek.com\\\/en\\\/\",\"sameAs\":[\"https:\\\/\\\/facebook.com\\\/kanaltek\",\"https:\\\/\\\/twitter.com\\\/KanaltekS\",\"https:\\\/\\\/www.youtube.com\\\/channel\\\/UCqNnMgKrLzgjMhbshjElHzg\",\"https:\\\/\\\/www.linkedin.com\\\/in\\\/kanaltek\\\/\"],\"contactPoint\":{\"@type\":\"ContactPoint\",\"telephone\":\"+902166930062\",\"contactType\":\"Customer Support\"}},{\"@type\":\"WebPage\",\"@id\":\"https:\\\/\\\/kanaltek.com\\\/en\\\/kanal-kaplama#webpage\",\"url\":\"https:\\\/\\\/kanaltek.com\\\/en\\\/kanal-kaplama\",\"name\":\"Kanal Kaplama - Kaz\\u0131s\\u0131z Kanal Kaplama\",\"description\":\"Kanal Kaplama Nedir? At\\u0131k Su Kanal Kaplama Kapsaml\\u0131 Bir Rehber At\\u0131k su kanal kaplama, at\\u0131k suyun ta\\u015f\\u0131nmas\\u0131 ve depolanmas\\u0131 i\\u00e7in kullan\\u0131lan borular\\u0131n i\\u00e7 ve d\\u0131\\u015f y\\u00fczeylerinin korunmas\\u0131 i\\u00e7in kullan\\u0131lan bir y\\u00f6ntemdir. Bu i\\u015flem, korozyonu, a\\u015f\\u0131nmay\\u0131 ve t\\u0131kanmay\\u0131 \\u00f6nleyerek kanal sisteminin \\u00f6mr\\u00fcn\\u00fc uzatmaya yard\\u0131mc\\u0131 olur. At\\u0131k su kanal kaplama, ayr\\u0131ca at\\u0131k suyun \\u00e7evreye s\\u0131zmas\\u0131n\\u0131 \\u00f6nleyerek \\u00e7evre Kanal Rehabilitasyonu\",\"inLanguage\":\"en-US\",\"isPartOf\":{\"@id\":\"https:\\\/\\\/kanaltek.com\\\/en\\\/#website\"},\"breadcrumb\":{\"@id\":\"https:\\\/\\\/kanaltek.com\\\/en\\\/kanal-kaplama#breadcrumblist\"},\"image\":{\"@type\":\"ImageObject\",\"url\":\"https:\\\/\\\/kanaltek.com\\\/wp-content\\\/uploads\\\/2019\\\/01\\\/RE_AL1500_03-2016_MPR3541_Titel.jpg\",\"@id\":\"https:\\\/\\\/kanaltek.com\\\/en\\\/kanal-kaplama\\\/#mainImage\",\"width\":1024,\"height\":739,\"caption\":\"re_al1500_03-2016_mpr3541_titel\"},\"primaryImageOfPage\":{\"@id\":\"https:\\\/\\\/kanaltek.com\\\/en\\\/kanal-kaplama#mainImage\"},\"datePublished\":\"2024-04-13T18:31:50+03:00\",\"dateModified\":\"2024-10-15T13:37:16+03:00\"},{\"@type\":\"WebSite\",\"@id\":\"https:\\\/\\\/kanaltek.com\\\/en\\\/#website\",\"url\":\"https:\\\/\\\/kanaltek.com\\\/en\\\/\",\"name\":\"Kanaltek Kaz\\u0131s\\u0131z Teknolojiler - FOLD & FORM - CIPP - UV Kaplama\",\"inLanguage\":\"en-US\",\"publisher\":{\"@id\":\"https:\\\/\\\/kanaltek.com\\\/en\\\/#organization\"}}]}\n\t\t<\/script>\n\t\t<!-- All in One SEO Pro -->\r\n\t\t<title>Kanal Kaplama - Kaz\u0131s\u0131z Kanal Kaplama<\/title>\n\n","aioseo_head_json":{"title":"Kanal Kaplama - Kaz\u0131s\u0131z Kanal Kaplama","description":"Kanal Kaplama Nedir? At\u0131k Su Kanal Kaplama Kapsaml\u0131 Bir Rehber At\u0131k su kanal kaplama, at\u0131k suyun ta\u015f\u0131nmas\u0131 ve depolanmas\u0131 i\u00e7in kullan\u0131lan borular\u0131n i\u00e7 ve d\u0131\u015f y\u00fczeylerinin korunmas\u0131 i\u00e7in kullan\u0131lan bir y\u00f6ntemdir. Bu i\u015flem, korozyonu, a\u015f\u0131nmay\u0131 ve t\u0131kanmay\u0131 \u00f6nleyerek kanal sisteminin \u00f6mr\u00fcn\u00fc uzatmaya yard\u0131mc\u0131 olur. At\u0131k su kanal kaplama, ayr\u0131ca at\u0131k suyun \u00e7evreye s\u0131zmas\u0131n\u0131 \u00f6nleyerek \u00e7evre Kanal Rehabilitasyonu","canonical_url":"https:\/\/kanaltek.com\/en\/kanal-kaplama","robots":"max-image-preview:large","keywords":"","webmasterTools":{"miscellaneous":""},"og:locale":"en_US","og:site_name":"-","og:type":"article","og:title":"Kanal Kaplama - Kaz\u0131s\u0131z Kanal Kaplama","og:description":"Kanal Kaplama Nedir? At\u0131k Su Kanal Kaplama Kapsaml\u0131 Bir Rehber At\u0131k su kanal kaplama, at\u0131k suyun ta\u015f\u0131nmas\u0131 ve depolanmas\u0131 i\u00e7in kullan\u0131lan borular\u0131n i\u00e7 ve d\u0131\u015f y\u00fczeylerinin korunmas\u0131 i\u00e7in kullan\u0131lan bir y\u00f6ntemdir. Bu i\u015flem, korozyonu, a\u015f\u0131nmay\u0131 ve t\u0131kanmay\u0131 \u00f6nleyerek kanal sisteminin \u00f6mr\u00fcn\u00fc uzatmaya yard\u0131mc\u0131 olur. At\u0131k su kanal kaplama, ayr\u0131ca at\u0131k suyun \u00e7evreye s\u0131zmas\u0131n\u0131 \u00f6nleyerek \u00e7evre Kanal Rehabilitasyonu","og:url":"https:\/\/kanaltek.com\/en\/kanal-kaplama","article:published_time":"2024-04-13T15:31:50+00:00","article:modified_time":"2024-10-15T10:37:16+00:00","article:publisher":"https:\/\/facebook.com\/kanaltek","twitter:card":"summary_large_image","twitter:site":"@KanaltekS","twitter:title":"Kanal Kaplama - Kaz\u0131s\u0131z Kanal Kaplama","twitter:description":"Kanal Kaplama Nedir? At\u0131k Su Kanal Kaplama Kapsaml\u0131 Bir Rehber At\u0131k su kanal kaplama, at\u0131k suyun ta\u015f\u0131nmas\u0131 ve depolanmas\u0131 i\u00e7in kullan\u0131lan borular\u0131n i\u00e7 ve d\u0131\u015f y\u00fczeylerinin korunmas\u0131 i\u00e7in kullan\u0131lan bir y\u00f6ntemdir. Bu i\u015flem, korozyonu, a\u015f\u0131nmay\u0131 ve t\u0131kanmay\u0131 \u00f6nleyerek kanal sisteminin \u00f6mr\u00fcn\u00fc uzatmaya yard\u0131mc\u0131 olur. At\u0131k su kanal kaplama, ayr\u0131ca at\u0131k suyun \u00e7evreye s\u0131zmas\u0131n\u0131 \u00f6nleyerek \u00e7evre Kanal Rehabilitasyonu","twitter:creator":"@KanaltekS","schema":{"@context":"https:\/\/schema.org","@graph":[{"@type":"BreadcrumbList","@id":"https:\/\/kanaltek.com\/en\/kanal-kaplama#breadcrumblist","itemListElement":[{"@type":"ListItem","@id":"https:\/\/kanaltek.com\/en\/#listItem","position":1,"name":"Home","item":"https:\/\/kanaltek.com\/en\/","nextItem":"https:\/\/kanaltek.com\/en\/kanal-kaplama#listItem"},{"@type":"ListItem","@id":"https:\/\/kanaltek.com\/en\/kanal-kaplama#listItem","position":2,"name":"Kanal Kaplama","previousItem":"https:\/\/kanaltek.com\/en\/#listItem"}]},{"@type":"Organization","@id":"https:\/\/kanaltek.com\/en\/#organization","name":"Kanaltek Kaz\u0131s\u0131z Teknolojiler","url":"https:\/\/kanaltek.com\/en\/","sameAs":["https:\/\/facebook.com\/kanaltek","https:\/\/twitter.com\/KanaltekS","https:\/\/www.youtube.com\/channel\/UCqNnMgKrLzgjMhbshjElHzg","https:\/\/www.linkedin.com\/in\/kanaltek\/"],"contactPoint":{"@type":"ContactPoint","telephone":"+902166930062","contactType":"Customer Support"}},{"@type":"WebPage","@id":"https:\/\/kanaltek.com\/en\/kanal-kaplama#webpage","url":"https:\/\/kanaltek.com\/en\/kanal-kaplama","name":"Kanal Kaplama - Kaz\u0131s\u0131z Kanal Kaplama","description":"Kanal Kaplama Nedir? At\u0131k Su Kanal Kaplama Kapsaml\u0131 Bir Rehber At\u0131k su kanal kaplama, at\u0131k suyun ta\u015f\u0131nmas\u0131 ve depolanmas\u0131 i\u00e7in kullan\u0131lan borular\u0131n i\u00e7 ve d\u0131\u015f y\u00fczeylerinin korunmas\u0131 i\u00e7in kullan\u0131lan bir y\u00f6ntemdir. Bu i\u015flem, korozyonu, a\u015f\u0131nmay\u0131 ve t\u0131kanmay\u0131 \u00f6nleyerek kanal sisteminin \u00f6mr\u00fcn\u00fc uzatmaya yard\u0131mc\u0131 olur. At\u0131k su kanal kaplama, ayr\u0131ca at\u0131k suyun \u00e7evreye s\u0131zmas\u0131n\u0131 \u00f6nleyerek \u00e7evre Kanal Rehabilitasyonu","inLanguage":"en-US","isPartOf":{"@id":"https:\/\/kanaltek.com\/en\/#website"},"breadcrumb":{"@id":"https:\/\/kanaltek.com\/en\/kanal-kaplama#breadcrumblist"},"image":{"@type":"ImageObject","url":"https:\/\/kanaltek.com\/wp-content\/uploads\/2019\/01\/RE_AL1500_03-2016_MPR3541_Titel.jpg","@id":"https:\/\/kanaltek.com\/en\/kanal-kaplama\/#mainImage","width":1024,"height":739,"caption":"re_al1500_03-2016_mpr3541_titel"},"primaryImageOfPage":{"@id":"https:\/\/kanaltek.com\/en\/kanal-kaplama#mainImage"},"datePublished":"2024-04-13T18:31:50+03:00","dateModified":"2024-10-15T13:37:16+03:00"},{"@type":"WebSite","@id":"https:\/\/kanaltek.com\/en\/#website","url":"https:\/\/kanaltek.com\/en\/","name":"Kanaltek Kaz\u0131s\u0131z Teknolojiler - FOLD & FORM - CIPP - UV Kaplama","inLanguage":"en-US","publisher":{"@id":"https:\/\/kanaltek.com\/en\/#organization"}}]}},"aioseo_meta_data":{"post_id":"4230","title":"#post_title #separator_sa Kaz\u0131s\u0131z Kanal Kaplama#site_title","description":"#site_title #post_content Kanal Rehabilitasyonu","keywords":"[]","keyphrases":"{\"focus\":{\"keyphrase\":\"Kanal Kaplama \",\"score\":91,\"analysis\":{\"keyphraseInTitle\":{\"score\":9,\"maxScore\":9,\"error\":0},\"keyphraseInDescription\":{\"score\":9,\"maxScore\":9,\"error\":0},\"keyphraseLength\":{\"score\":9,\"maxScore\":9,\"error\":0,\"length\":2},\"keyphraseInURL\":{\"score\":5,\"maxScore\":5,\"error\":0},\"keyphraseInIntroduction\":{\"score\":9,\"maxScore\":9,\"error\":0},\"keyphraseInSubHeadings\":{\"score\":9,\"maxScore\":9,\"error\":0},\"keyphraseInImageAlt\":{\"score\":3,\"maxScore\":9,\"error\":1},\"keywordDensity\":{\"type\":\"best\",\"score\":9,\"maxScore\":9,\"error\":0}}},\"additional\":[]}","primary_term":null,"canonical_url":null,"og_title":null,"og_description":null,"og_object_type":"default","og_image_type":"default","og_image_url":null,"og_image_width":null,"og_image_height":null,"og_image_custom_url":null,"og_image_custom_fields":null,"og_video":"","og_custom_url":null,"og_article_section":null,"og_article_tags":"[]","twitter_use_og":false,"twitter_card":"default","twitter_image_type":"default","twitter_image_url":null,"twitter_image_custom_url":null,"twitter_image_custom_fields":null,"twitter_title":null,"twitter_description":null,"schema":{"blockGraphs":[],"customGraphs":[],"default":{"data":{"Article":[],"Course":[],"Dataset":[],"FAQPage":[],"Movie":[],"Person":[],"Product":[],"Recipe":[],"Service":[],"SoftwareApplication":[],"WebPage":[]},"graphName":"WebPage","isEnabled":true},"graphs":[]},"schema_type":"default","schema_type_options":null,"pillar_content":false,"robots_default":true,"robots_noindex":false,"robots_noarchive":false,"robots_nosnippet":false,"robots_nofollow":false,"robots_noimageindex":false,"robots_noodp":false,"robots_notranslate":false,"robots_max_snippet":"-1","robots_max_videopreview":"-1","robots_max_imagepreview":"large","priority":null,"frequency":"default","local_seo":null,"limit_modified_date":false,"created":"2024-04-23 21:10:15","updated":"2024-10-15 10:52:10"},"aioseo_breadcrumb":"<div class=\"aioseo-breadcrumbs\"><span class=\"aioseo-breadcrumb\">\n\t<a href=\"https:\/\/kanaltek.com\/en\" title=\"Home\">Home<\/a>\n<\/span><span class=\"aioseo-breadcrumb-separator\">\u2013<\/span><span class=\"aioseo-breadcrumb\">\n\tKanal Kaplama\n<\/span><\/div>","aioseo_breadcrumb_json":[{"label":"Home","link":"https:\/\/kanaltek.com\/en"},{"label":"Kanal Kaplama","link":"https:\/\/kanaltek.com\/en\/kanal-kaplama"}],"_links":{"self":[{"href":"https:\/\/kanaltek.com\/en\/wp-json\/wp\/v2\/pages\/4230","targetHints":{"allow":["GET"]}}],"collection":[{"href":"https:\/\/kanaltek.com\/en\/wp-json\/wp\/v2\/pages"}],"about":[{"href":"https:\/\/kanaltek.com\/en\/wp-json\/wp\/v2\/types\/page"}],"author":[{"embeddable":true,"href":"https:\/\/kanaltek.com\/en\/wp-json\/wp\/v2\/users\/1"}],"replies":[{"embeddable":true,"href":"https:\/\/kanaltek.com\/en\/wp-json\/wp\/v2\/comments?post=4230"}],"version-history":[{"count":22,"href":"https:\/\/kanaltek.com\/en\/wp-json\/wp\/v2\/pages\/4230\/revisions"}],"predecessor-version":[{"id":4272,"href":"https:\/\/kanaltek.com\/en\/wp-json\/wp\/v2\/pages\/4230\/revisions\/4272"}],"wp:featuredmedia":[{"embeddable":true,"href":"https:\/\/kanaltek.com\/en\/wp-json\/wp\/v2\/media\/3853"}],"wp:attachment":[{"href":"https:\/\/kanaltek.com\/en\/wp-json\/wp\/v2\/media?parent=4230"}],"curies":[{"name":"wp","href":"https:\/\/api.w.org\/{rel}","templated":true}]}}